{"id":226,"date":"2024-03-12T21:45:04","date_gmt":"2024-03-12T20:45:04","guid":{"rendered":"https:\/\/bordeaux-canoe-kayak.fr\/?page_id=226"},"modified":"2024-03-12T21:45:04","modified_gmt":"2024-03-12T20:45:04","slug":"dernieres-actualites","status":"publish","type":"page","link":"https:\/\/bordeaux-canoe-kayak.fr\/index.php\/dernieres-actualites\/","title":{"rendered":"Derni\u00e8res actualit\u00e9s"},"content":{"rendered":"\n<div class=\"wp-block-query is-layout-flow wp-block-query-is-layout-flow\"><ul class=\"wp-block-post-template is-layout-flow wp-block-post-template-is-layout-flow\"><li class=\"wp-block-post post-628 post type-post status-publish format-standard has-post-thumbnail hentry category-competitions tag-canoe tag-championnat-de-france tag-competition-course-en-ligne tag-kayak entry has-media\">\n<h2 class=\"wp-block-post-title\"><a href=\"https:\/\/bordeaux-canoe-kayak.fr\/index.php\/2026\/04\/06\/six-belles-medailles-pour-lenbck-aux-championnats-de-france-de-fond-a-vitre\/\" target=\"_self\" >Six belles m\u00e9dailles pour l&rsquo;ENBCK aux Championnats de France de fond \u00e0 Vitr\u00e9 !<\/a><\/h2>\n\n<div class=\"wp-block-post-date\"><time datetime=\"2026-04-06T17:00:00+02:00\">6 avril 2026<\/time><\/div>\n\n<figure class=\"alignwide wp-block-post-featured-image\"><a href=\"https:\/\/bordeaux-canoe-kayak.fr\/index.php\/2026\/04\/06\/six-belles-medailles-pour-lenbck-aux-championnats-de-france-de-fond-a-vitre\/\" target=\"_self\"  ><img loading=\"lazy\" decoding=\"async\" width=\"2048\" height=\"1365\" src=\"https:\/\/bordeaux-canoe-kayak.fr\/wp-content\/uploads\/2026\/04\/DepartK4MasterH.jpeg\" class=\"attachment-post-thumbnail size-post-thumbnail wp-post-image\" alt=\"Six belles m\u00e9dailles pour l&rsquo;ENBCK aux Championnats de France de fond \u00e0 Vitr\u00e9 !\" style=\"object-fit:cover;\" srcset=\"https:\/\/bordeaux-canoe-kayak.fr\/wp-content\/uploads\/2026\/04\/DepartK4MasterH.jpeg 2048w, https:\/\/bordeaux-canoe-kayak.fr\/wp-content\/uploads\/2026\/04\/DepartK4MasterH-300x200.jpeg 300w, https:\/\/bordeaux-canoe-kayak.fr\/wp-content\/uploads\/2026\/04\/DepartK4MasterH-1024x683.jpeg 1024w, https:\/\/bordeaux-canoe-kayak.fr\/wp-content\/uploads\/2026\/04\/DepartK4MasterH-768x512.jpeg 768w, https:\/\/bordeaux-canoe-kayak.fr\/wp-content\/uploads\/2026\/04\/DepartK4MasterH-1536x1024.jpeg 1536w\" sizes=\"auto, (max-width: 2048px) 100vw, 2048px\" \/><\/a><\/figure>\n\n<div class=\"wp-block-post-excerpt\"><p class=\"wp-block-post-excerpt__excerpt\">L&rsquo;ENBCK a brill\u00e9 lors des Championnats de France de fond cano\u00eb-kayak \u00e0 Vitr\u00e9. D\u00e9couvrez les superbes performances et les 6 m\u00e9dailles de nos athl\u00e8tes. <\/p><\/div>\n\n\n<hr class=\"wp-block-separator has-css-opacity\"\/>\n\n<\/li><li class=\"wp-block-post post-652 post type-post status-publish format-standard has-post-thumbnail hentry category-competitions tag-competition-course-en-ligne tag-elea-charvet tag-kayak tag-selection-equipe-de-france entry has-media\">\n<h2 class=\"wp-block-post-title\"><a href=\"https:\/\/bordeaux-canoe-kayak.fr\/index.php\/2026\/03\/29\/course-en-ligne-lenbck-brille-aux-selections-equipe-de-france-canoe-kayak-a-vaires-sur-marne\/\" target=\"_self\" >Course en ligne : l&rsquo;ENBCK brille aux s\u00e9lections \u00e9quipe de France cano\u00eb-kayak \u00e0 Vaires-sur-Marne<\/a><\/h2>\n\n<div class=\"wp-block-post-date\"><time datetime=\"2026-03-29T14:21:55+02:00\">29 mars 2026<\/time><\/div>\n\n<figure class=\"alignwide wp-block-post-featured-image\"><a href=\"https:\/\/bordeaux-canoe-kayak.fr\/index.php\/2026\/03\/29\/course-en-ligne-lenbck-brille-aux-selections-equipe-de-france-canoe-kayak-a-vaires-sur-marne\/\" target=\"_self\"  ><img loading=\"lazy\" decoding=\"async\" width=\"1258\" height=\"853\" src=\"https:\/\/bordeaux-canoe-kayak.fr\/wp-content\/uploads\/2026\/04\/groupe2-e1775997511287.jpg\" class=\"attachment-post-thumbnail size-post-thumbnail wp-post-image\" alt=\"Course en ligne : l&rsquo;ENBCK brille aux s\u00e9lections \u00e9quipe de France cano\u00eb-kayak \u00e0 Vaires-sur-Marne\" style=\"object-fit:cover;\" srcset=\"https:\/\/bordeaux-canoe-kayak.fr\/wp-content\/uploads\/2026\/04\/groupe2-e1775997511287.jpg 1258w, https:\/\/bordeaux-canoe-kayak.fr\/wp-content\/uploads\/2026\/04\/groupe2-e1775997511287-300x203.jpg 300w, https:\/\/bordeaux-canoe-kayak.fr\/wp-content\/uploads\/2026\/04\/groupe2-e1775997511287-1024x694.jpg 1024w, https:\/\/bordeaux-canoe-kayak.fr\/wp-content\/uploads\/2026\/04\/groupe2-e1775997511287-768x521.jpg 768w\" sizes=\"auto, (max-width: 1258px) 100vw, 1258px\" \/><\/a><\/figure>\n\n<div class=\"wp-block-post-excerpt\"><p class=\"wp-block-post-excerpt__excerpt\">L&rsquo;ENBCK a brill\u00e9 lors de la course n\u00b02 des s\u00e9lections \u00e9quipe de France cano\u00eb-kayak \u00e0 Vaires-sur-Marne. D\u00e9couvrez les superbes r\u00e9sultats de nos athl\u00e8tes en course en ligne. <\/p><\/div>\n\n\n<hr class=\"wp-block-separator has-css-opacity\"\/>\n\n<\/li><li class=\"wp-block-post post-644 post type-post status-publish format-standard has-post-thumbnail hentry category-competitions tag-competition-course-en-ligne tag-kayak entry has-media\">\n<h2 class=\"wp-block-post-title\"><a href=\"https:\/\/bordeaux-canoe-kayak.fr\/index.php\/2026\/03\/09\/en-route-pour-les-selections-lenbck-lance-sa-saison-sprint-a-boulogne-sur-mer\/\" target=\"_self\" >En route pour les s\u00e9lections : l&rsquo;ENBCK lance sa saison Sprint \u00e0 Boulogne-sur-Mer<\/a><\/h2>\n\n<div class=\"wp-block-post-date\"><time datetime=\"2026-03-09T14:01:00+01:00\">9 mars 2026<\/time><\/div>\n\n<figure class=\"alignwide wp-block-post-featured-image\"><a href=\"https:\/\/bordeaux-canoe-kayak.fr\/index.php\/2026\/03\/09\/en-route-pour-les-selections-lenbck-lance-sa-saison-sprint-a-boulogne-sur-mer\/\" target=\"_self\"  ><img loading=\"lazy\" decoding=\"async\" width=\"2048\" height=\"1366\" src=\"https:\/\/bordeaux-canoe-kayak.fr\/wp-content\/uploads\/2026\/03\/Leandre.jpg\" class=\"attachment-post-thumbnail size-post-thumbnail wp-post-image\" alt=\"En route pour les s\u00e9lections : l&rsquo;ENBCK lance sa saison Sprint \u00e0 Boulogne-sur-Mer\" style=\"object-fit:cover;\" srcset=\"https:\/\/bordeaux-canoe-kayak.fr\/wp-content\/uploads\/2026\/03\/Leandre.jpg 2048w, https:\/\/bordeaux-canoe-kayak.fr\/wp-content\/uploads\/2026\/03\/Leandre-300x200.jpg 300w, https:\/\/bordeaux-canoe-kayak.fr\/wp-content\/uploads\/2026\/03\/Leandre-1024x683.jpg 1024w, https:\/\/bordeaux-canoe-kayak.fr\/wp-content\/uploads\/2026\/03\/Leandre-768x512.jpg 768w, https:\/\/bordeaux-canoe-kayak.fr\/wp-content\/uploads\/2026\/03\/Leandre-1536x1025.jpg 1536w\" sizes=\"auto, (max-width: 2048px) 100vw, 2048px\" \/><\/a><\/figure>\n\n<div class=\"wp-block-post-excerpt\"><p class=\"wp-block-post-excerpt__excerpt\">Ce week-end, l&rsquo;ENBCK \u00e9tait \u00e0 Boulogne-sur-Mer pour la premi\u00e8re \u00e9tape des s\u00e9lections \u00e9quipe de France cano\u00eb-kayak. D\u00e9couvrez les r\u00e9sultats prometteurs de nos sprinteurs. <\/p><\/div>\n\n\n<hr class=\"wp-block-separator has-css-opacity\"\/>\n\n<\/li><\/ul><\/div>\n","protected":false},"excerpt":{"rendered":"","protected":false},"author":2,"featured_media":0,"parent":0,"menu_order":0,"comment_status":"closed","ping_status":"closed","template":"","meta":{"ocean_post_layout":"","ocean_both_sidebars_style":"","ocean_both_sidebars_content_width":0,"ocean_both_sidebars_sidebars_width":0,"ocean_sidebar":"","ocean_second_sidebar":"","ocean_disable_margins":"enable","ocean_add_body_class":"","ocean_shortcode_before_top_bar":"","ocean_shortcode_after_top_bar":"","ocean_shortcode_before_header":"","ocean_shortcode_after_header":"","ocean_has_shortcode":"","ocean_shortcode_after_title":"","ocean_shortcode_before_footer_widgets":"","ocean_shortcode_after_footer_widgets":"","ocean_shortcode_before_footer_bottom":"","ocean_shortcode_after_footer_bottom":"","ocean_display_top_bar":"default","ocean_display_header":"default","ocean_header_style":"","ocean_center_header_left_menu":"","ocean_custom_header_template":"","ocean_custom_logo":0,"ocean_custom_retina_logo":0,"ocean_custom_logo_max_width":0,"ocean_custom_logo_tablet_max_width":0,"ocean_custom_logo_mobile_max_width":0,"ocean_custom_logo_max_height":0,"ocean_custom_logo_tablet_max_height":0,"ocean_custom_logo_mobile_max_height":0,"ocean_header_custom_menu":"","ocean_menu_typo_font_family":"","ocean_menu_typo_font_subset":"","ocean_menu_typo_font_size":0,"ocean_menu_typo_font_size_tablet":0,"ocean_menu_typo_font_size_mobile":0,"ocean_menu_typo_font_size_unit":"px","ocean_menu_typo_font_weight":"","ocean_menu_typo_font_weight_tablet":"","ocean_menu_typo_font_weight_mobile":"","ocean_menu_typo_transform":"","ocean_menu_typo_transform_tablet":"","ocean_menu_typo_transform_mobile":"","ocean_menu_typo_line_height":0,"ocean_menu_typo_line_height_tablet":0,"ocean_menu_typo_line_height_mobile":0,"ocean_menu_typo_line_height_unit":"","ocean_menu_typo_spacing":0,"ocean_menu_typo_spacing_tablet":0,"ocean_menu_typo_spacing_mobile":0,"ocean_menu_typo_spacing_unit":"","ocean_menu_link_color":"","ocean_menu_link_color_hover":"","ocean_menu_link_color_active":"","ocean_menu_link_background":"","ocean_menu_link_hover_background":"","ocean_menu_link_active_background":"","ocean_menu_social_links_bg":"","ocean_menu_social_hover_links_bg":"","ocean_menu_social_links_color":"","ocean_menu_social_hover_links_color":"","ocean_disable_title":"default","ocean_disable_heading":"default","ocean_post_title":"","ocean_post_subheading":"","ocean_post_title_style":"","ocean_post_title_background_color":"","ocean_post_title_background":0,"ocean_post_title_bg_image_position":"","ocean_post_title_bg_image_attachment":"","ocean_post_title_bg_image_repeat":"","ocean_post_title_bg_image_size":"","ocean_post_title_height":0,"ocean_post_title_bg_overlay":0.5,"ocean_post_title_bg_overlay_color":"","ocean_disable_breadcrumbs":"default","ocean_breadcrumbs_color":"","ocean_breadcrumbs_separator_color":"","ocean_breadcrumbs_links_color":"","ocean_breadcrumbs_links_hover_color":"","ocean_display_footer_widgets":"default","ocean_display_footer_bottom":"default","ocean_custom_footer_template":"","footnotes":""},"class_list":["post-226","page","type-page","status-publish","hentry","entry"],"yoast_head":"<!-- This site is optimized with the Yoast SEO plugin v27.3 - https:\/\/yoast.com\/product\/yoast-seo-wordpress\/ -->\n<title>Derni\u00e8res actualit\u00e9s - Emulation Nautique Bordeaux - Cano\u00eb-Kayak<\/title>\n<meta name=\"robots\" content=\"index, follow, max-snippet:-1, max-image-preview:large, max-video-preview:-1\" \/>\n<link rel=\"canonical\" href=\"https:\/\/bordeaux-canoe-kayak.fr\/index.php\/dernieres-actualites\/\" \/>\n<meta property=\"og:locale\" content=\"fr_FR\" \/>\n<meta property=\"og:type\" content=\"article\" \/>\n<meta property=\"og:title\" content=\"Derni\u00e8res actualit\u00e9s - Emulation Nautique Bordeaux - Cano\u00eb-Kayak\" \/>\n<meta property=\"og:url\" content=\"https:\/\/bordeaux-canoe-kayak.fr\/index.php\/dernieres-actualites\/\" \/>\n<meta property=\"og:site_name\" content=\"Emulation Nautique Bordeaux - Cano\u00eb-Kayak\" \/>\n<meta property=\"article:publisher\" content=\"https:\/\/www.facebook.com\/ENBCK\" \/>\n<meta property=\"og:image\" content=\"https:\/\/bordeaux-canoe-kayak.fr\/wp-content\/uploads\/2024\/01\/cropped-LOGO-ENBCK-RED-Copie.jpg\" \/>\n\t<meta property=\"og:image:width\" content=\"512\" \/>\n\t<meta property=\"og:image:height\" content=\"512\" \/>\n\t<meta property=\"og:image:type\" content=\"image\/jpeg\" \/>\n<meta name=\"twitter:card\" content=\"summary_large_image\" \/>\n<script type=\"application\/ld+json\" class=\"yoast-schema-graph\">{\"@context\":\"https:\\\/\\\/schema.org\",\"@graph\":[{\"@type\":\"WebPage\",\"@id\":\"https:\\\/\\\/bordeaux-canoe-kayak.fr\\\/index.php\\\/dernieres-actualites\\\/\",\"url\":\"https:\\\/\\\/bordeaux-canoe-kayak.fr\\\/index.php\\\/dernieres-actualites\\\/\",\"name\":\"Derni\u00e8res actualit\u00e9s - Emulation Nautique Bordeaux - Cano\u00eb-Kayak\",\"isPartOf\":{\"@id\":\"https:\\\/\\\/bordeaux-canoe-kayak.fr\\\/#website\"},\"datePublished\":\"2024-03-12T20:45:04+00:00\",\"breadcrumb\":{\"@id\":\"https:\\\/\\\/bordeaux-canoe-kayak.fr\\\/index.php\\\/dernieres-actualites\\\/#breadcrumb\"},\"inLanguage\":\"fr-FR\",\"potentialAction\":[{\"@type\":\"ReadAction\",\"target\":[\"https:\\\/\\\/bordeaux-canoe-kayak.fr\\\/index.php\\\/dernieres-actualites\\\/\"]}]},{\"@type\":\"BreadcrumbList\",\"@id\":\"https:\\\/\\\/bordeaux-canoe-kayak.fr\\\/index.php\\\/dernieres-actualites\\\/#breadcrumb\",\"itemListElement\":[{\"@type\":\"ListItem\",\"position\":1,\"name\":\"Accueil\",\"item\":\"https:\\\/\\\/bordeaux-canoe-kayak.fr\\\/\"},{\"@type\":\"ListItem\",\"position\":2,\"name\":\"Derni\u00e8res actualit\u00e9s\"}]},{\"@type\":\"WebSite\",\"@id\":\"https:\\\/\\\/bordeaux-canoe-kayak.fr\\\/#website\",\"url\":\"https:\\\/\\\/bordeaux-canoe-kayak.fr\\\/\",\"name\":\"Emulation Nautique Bordeaux - Cano\u00eb-Kayak\",\"description\":\"\",\"publisher\":{\"@id\":\"https:\\\/\\\/bordeaux-canoe-kayak.fr\\\/#organization\"},\"alternateName\":\"Club Canoe Kayak de Bordeaux\",\"potentialAction\":[{\"@type\":\"SearchAction\",\"target\":{\"@type\":\"EntryPoint\",\"urlTemplate\":\"https:\\\/\\\/bordeaux-canoe-kayak.fr\\\/?s={search_term_string}\"},\"query-input\":{\"@type\":\"PropertyValueSpecification\",\"valueRequired\":true,\"valueName\":\"search_term_string\"}}],\"inLanguage\":\"fr-FR\"},{\"@type\":\"Organization\",\"@id\":\"https:\\\/\\\/bordeaux-canoe-kayak.fr\\\/#organization\",\"name\":\"Emulation Nautique Bordeaux - Cano\u00eb-Kayak\",\"url\":\"https:\\\/\\\/bordeaux-canoe-kayak.fr\\\/\",\"logo\":{\"@type\":\"ImageObject\",\"inLanguage\":\"fr-FR\",\"@id\":\"https:\\\/\\\/bordeaux-canoe-kayak.fr\\\/#\\\/schema\\\/logo\\\/image\\\/\",\"url\":\"https:\\\/\\\/bordeaux-canoe-kayak.fr\\\/wp-content\\\/uploads\\\/2024\\\/06\\\/cropped-logo-ENBCK_F_Bl.jpg\",\"contentUrl\":\"https:\\\/\\\/bordeaux-canoe-kayak.fr\\\/wp-content\\\/uploads\\\/2024\\\/06\\\/cropped-logo-ENBCK_F_Bl.jpg\",\"width\":1598,\"height\":533,\"caption\":\"Emulation Nautique Bordeaux - Cano\u00eb-Kayak\"},\"image\":{\"@id\":\"https:\\\/\\\/bordeaux-canoe-kayak.fr\\\/#\\\/schema\\\/logo\\\/image\\\/\"},\"sameAs\":[\"https:\\\/\\\/www.facebook.com\\\/ENBCK\",\"https:\\\/\\\/www.instagram.com\\\/enbcanoekayak\\\/\"]}]}<\/script>\n<!-- \/ Yoast SEO plugin. -->","yoast_head_json":{"title":"Derni\u00e8res actualit\u00e9s - Emulation Nautique Bordeaux - Cano\u00eb-Kayak","robots":{"index":"index","follow":"follow","max-snippet":"max-snippet:-1","max-image-preview":"max-image-preview:large","max-video-preview":"max-video-preview:-1"},"canonical":"https:\/\/bordeaux-canoe-kayak.fr\/index.php\/dernieres-actualites\/","og_locale":"fr_FR","og_type":"article","og_title":"Derni\u00e8res actualit\u00e9s - Emulation Nautique Bordeaux - Cano\u00eb-Kayak","og_url":"https:\/\/bordeaux-canoe-kayak.fr\/index.php\/dernieres-actualites\/","og_site_name":"Emulation Nautique Bordeaux - Cano\u00eb-Kayak","article_publisher":"https:\/\/www.facebook.com\/ENBCK","og_image":[{"width":512,"height":512,"url":"https:\/\/bordeaux-canoe-kayak.fr\/wp-content\/uploads\/2024\/01\/cropped-LOGO-ENBCK-RED-Copie.jpg","type":"image\/jpeg"}],"twitter_card":"summary_large_image","schema":{"@context":"https:\/\/schema.org","@graph":[{"@type":"WebPage","@id":"https:\/\/bordeaux-canoe-kayak.fr\/index.php\/dernieres-actualites\/","url":"https:\/\/bordeaux-canoe-kayak.fr\/index.php\/dernieres-actualites\/","name":"Derni\u00e8res actualit\u00e9s - Emulation Nautique Bordeaux - Cano\u00eb-Kayak","isPartOf":{"@id":"https:\/\/bordeaux-canoe-kayak.fr\/#website"},"datePublished":"2024-03-12T20:45:04+00:00","breadcrumb":{"@id":"https:\/\/bordeaux-canoe-kayak.fr\/index.php\/dernieres-actualites\/#breadcrumb"},"inLanguage":"fr-FR","potentialAction":[{"@type":"ReadAction","target":["https:\/\/bordeaux-canoe-kayak.fr\/index.php\/dernieres-actualites\/"]}]},{"@type":"BreadcrumbList","@id":"https:\/\/bordeaux-canoe-kayak.fr\/index.php\/dernieres-actualites\/#breadcrumb","itemListElement":[{"@type":"ListItem","position":1,"name":"Accueil","item":"https:\/\/bordeaux-canoe-kayak.fr\/"},{"@type":"ListItem","position":2,"name":"Derni\u00e8res actualit\u00e9s"}]},{"@type":"WebSite","@id":"https:\/\/bordeaux-canoe-kayak.fr\/#website","url":"https:\/\/bordeaux-canoe-kayak.fr\/","name":"Emulation Nautique Bordeaux - Cano\u00eb-Kayak","description":"","publisher":{"@id":"https:\/\/bordeaux-canoe-kayak.fr\/#organization"},"alternateName":"Club Canoe Kayak de Bordeaux","potentialAction":[{"@type":"SearchAction","target":{"@type":"EntryPoint","urlTemplate":"https:\/\/bordeaux-canoe-kayak.fr\/?s={search_term_string}"},"query-input":{"@type":"PropertyValueSpecification","valueRequired":true,"valueName":"search_term_string"}}],"inLanguage":"fr-FR"},{"@type":"Organization","@id":"https:\/\/bordeaux-canoe-kayak.fr\/#organization","name":"Emulation Nautique Bordeaux - Cano\u00eb-Kayak","url":"https:\/\/bordeaux-canoe-kayak.fr\/","logo":{"@type":"ImageObject","inLanguage":"fr-FR","@id":"https:\/\/bordeaux-canoe-kayak.fr\/#\/schema\/logo\/image\/","url":"https:\/\/bordeaux-canoe-kayak.fr\/wp-content\/uploads\/2024\/06\/cropped-logo-ENBCK_F_Bl.jpg","contentUrl":"https:\/\/bordeaux-canoe-kayak.fr\/wp-content\/uploads\/2024\/06\/cropped-logo-ENBCK_F_Bl.jpg","width":1598,"height":533,"caption":"Emulation Nautique Bordeaux - Cano\u00eb-Kayak"},"image":{"@id":"https:\/\/bordeaux-canoe-kayak.fr\/#\/schema\/logo\/image\/"},"sameAs":["https:\/\/www.facebook.com\/ENBCK","https:\/\/www.instagram.com\/enbcanoekayak\/"]}]}},"_links":{"self":[{"href":"https:\/\/bordeaux-canoe-kayak.fr\/index.php\/wp-json\/wp\/v2\/pages\/226","targetHints":{"allow":["GET"]}}],"collection":[{"href":"https:\/\/bordeaux-canoe-kayak.fr\/index.php\/wp-json\/wp\/v2\/pages"}],"about":[{"href":"https:\/\/bordeaux-canoe-kayak.fr\/index.php\/wp-json\/wp\/v2\/types\/page"}],"author":[{"embeddable":true,"href":"https:\/\/bordeaux-canoe-kayak.fr\/index.php\/wp-json\/wp\/v2\/users\/2"}],"replies":[{"embeddable":true,"href":"https:\/\/bordeaux-canoe-kayak.fr\/index.php\/wp-json\/wp\/v2\/comments?post=226"}],"version-history":[{"count":2,"href":"https:\/\/bordeaux-canoe-kayak.fr\/index.php\/wp-json\/wp\/v2\/pages\/226\/revisions"}],"predecessor-version":[{"id":228,"href":"https:\/\/bordeaux-canoe-kayak.fr\/index.php\/wp-json\/wp\/v2\/pages\/226\/revisions\/228"}],"wp:attachment":[{"href":"https:\/\/bordeaux-canoe-kayak.fr\/index.php\/wp-json\/wp\/v2\/media?parent=226"}],"curies":[{"name":"wp","href":"https:\/\/api.w.org\/{rel}","templated":true}]}}