{"id":22,"date":"2024-01-23T19:41:40","date_gmt":"2024-01-23T18:41:40","guid":{"rendered":"https:\/\/bordeaux-canoe-kayak.fr\/?page_id=22"},"modified":"2024-01-30T22:45:20","modified_gmt":"2024-01-30T21:45:20","slug":"les-groupes","status":"publish","type":"page","link":"https:\/\/bordeaux-canoe-kayak.fr\/index.php\/les-groupes\/","title":{"rendered":"Les groupes"},"content":{"rendered":"\n<p><strong>Page en construction, n&rsquo;h\u00e9sitez pas \u00e0 repasser plus tard.<\/strong><\/p>\n\n\n\n<figure class=\"wp-block-image size-full\"><img loading=\"lazy\" decoding=\"async\" width=\"960\" height=\"640\" src=\"https:\/\/bordeaux-canoe-kayak.fr\/wp-content\/uploads\/2024\/01\/image.jpeg\" alt=\"\" class=\"wp-image-143\" srcset=\"https:\/\/bordeaux-canoe-kayak.fr\/wp-content\/uploads\/2024\/01\/image.jpeg 960w, https:\/\/bordeaux-canoe-kayak.fr\/wp-content\/uploads\/2024\/01\/image-300x200.jpeg 300w, https:\/\/bordeaux-canoe-kayak.fr\/wp-content\/uploads\/2024\/01\/image-768x512.jpeg 768w\" sizes=\"auto, (max-width: 960px) 100vw, 960px\" \/><\/figure>\n","protected":false},"excerpt":{"rendered":"<p>Page en construction, n&rsquo;h\u00e9sitez pas \u00e0 repasser plus tard.<\/p>\n","protected":false},"author":1,"featured_media":0,"parent":0,"menu_order":0,"comment_status":"closed","ping_status":"closed","template":"","meta":{"ocean_post_layout":"","ocean_both_sidebars_style":"","ocean_both_sidebars_content_width":0,"ocean_both_sidebars_sidebars_width":0,"ocean_sidebar":"","ocean_second_sidebar":"","ocean_disable_margins":"enable","ocean_add_body_class":"","ocean_shortcode_before_top_bar":"","ocean_shortcode_after_top_bar":"","ocean_shortcode_before_header":"","ocean_shortcode_after_header":"","ocean_has_shortcode":"","ocean_shortcode_after_title":"","ocean_shortcode_before_footer_widgets":"","ocean_shortcode_after_footer_widgets":"","ocean_shortcode_before_footer_bottom":"","ocean_shortcode_after_footer_bottom":"","ocean_display_top_bar":"default","ocean_display_header":"default","ocean_header_style":"","ocean_center_header_left_menu":"","ocean_custom_header_template":"","ocean_custom_logo":0,"ocean_custom_retina_logo":0,"ocean_custom_logo_max_width":0,"ocean_custom_logo_tablet_max_width":0,"ocean_custom_logo_mobile_max_width":0,"ocean_custom_logo_max_height":0,"ocean_custom_logo_tablet_max_height":0,"ocean_custom_logo_mobile_max_height":0,"ocean_header_custom_menu":"","ocean_menu_typo_font_family":"","ocean_menu_typo_font_subset":"","ocean_menu_typo_font_size":0,"ocean_menu_typo_font_size_tablet":0,"ocean_menu_typo_font_size_mobile":0,"ocean_menu_typo_font_size_unit":"px","ocean_menu_typo_font_weight":"","ocean_menu_typo_font_weight_tablet":"","ocean_menu_typo_font_weight_mobile":"","ocean_menu_typo_transform":"","ocean_menu_typo_transform_tablet":"","ocean_menu_typo_transform_mobile":"","ocean_menu_typo_line_height":0,"ocean_menu_typo_line_height_tablet":0,"ocean_menu_typo_line_height_mobile":0,"ocean_menu_typo_line_height_unit":"","ocean_menu_typo_spacing":0,"ocean_menu_typo_spacing_tablet":0,"ocean_menu_typo_spacing_mobile":0,"ocean_menu_typo_spacing_unit":"","ocean_menu_link_color":"","ocean_menu_link_color_hover":"","ocean_menu_link_color_active":"","ocean_menu_link_background":"","ocean_menu_link_hover_background":"","ocean_menu_link_active_background":"","ocean_menu_social_links_bg":"","ocean_menu_social_hover_links_bg":"","ocean_menu_social_links_color":"","ocean_menu_social_hover_links_color":"","ocean_disable_title":"default","ocean_disable_heading":"default","ocean_post_title":"","ocean_post_subheading":"","ocean_post_title_style":"","ocean_post_title_background_color":"","ocean_post_title_background":0,"ocean_post_title_bg_image_position":"","ocean_post_title_bg_image_attachment":"","ocean_post_title_bg_image_repeat":"","ocean_post_title_bg_image_size":"","ocean_post_title_height":0,"ocean_post_title_bg_overlay":0.5,"ocean_post_title_bg_overlay_color":"","ocean_disable_breadcrumbs":"default","ocean_breadcrumbs_color":"","ocean_breadcrumbs_separator_color":"","ocean_breadcrumbs_links_color":"","ocean_breadcrumbs_links_hover_color":"","ocean_display_footer_widgets":"default","ocean_display_footer_bottom":"default","ocean_custom_footer_template":"","footnotes":""},"class_list":["post-22","page","type-page","status-publish","hentry","entry"],"yoast_head":"<!-- This site is optimized with the Yoast SEO plugin v27.3 - https:\/\/yoast.com\/product\/yoast-seo-wordpress\/ -->\n<title>Les groupes - Emulation Nautique Bordeaux - Cano\u00eb-Kayak<\/title>\n<meta name=\"robots\" content=\"index, follow, max-snippet:-1, max-image-preview:large, max-video-preview:-1\" \/>\n<link rel=\"canonical\" href=\"https:\/\/bordeaux-canoe-kayak.fr\/index.php\/les-groupes\/\" \/>\n<meta property=\"og:locale\" content=\"fr_FR\" \/>\n<meta property=\"og:type\" content=\"article\" \/>\n<meta property=\"og:title\" content=\"Les groupes - Emulation Nautique Bordeaux - Cano\u00eb-Kayak\" \/>\n<meta property=\"og:description\" content=\"Page en construction, n&rsquo;h\u00e9sitez pas \u00e0 repasser plus tard.\" \/>\n<meta property=\"og:url\" content=\"https:\/\/bordeaux-canoe-kayak.fr\/index.php\/les-groupes\/\" \/>\n<meta property=\"og:site_name\" content=\"Emulation Nautique Bordeaux - Cano\u00eb-Kayak\" \/>\n<meta property=\"article:publisher\" content=\"https:\/\/www.facebook.com\/ENBCK\" \/>\n<meta property=\"article:modified_time\" content=\"2024-01-30T21:45:20+00:00\" \/>\n<meta property=\"og:image\" content=\"http:\/\/bordeaux-canoe-kayak.fr\/wp-content\/uploads\/2024\/01\/image.jpeg\" \/>\n<meta name=\"twitter:card\" content=\"summary_large_image\" \/>\n<script type=\"application\/ld+json\" class=\"yoast-schema-graph\">{\"@context\":\"https:\\\/\\\/schema.org\",\"@graph\":[{\"@type\":\"WebPage\",\"@id\":\"https:\\\/\\\/bordeaux-canoe-kayak.fr\\\/index.php\\\/les-groupes\\\/\",\"url\":\"https:\\\/\\\/bordeaux-canoe-kayak.fr\\\/index.php\\\/les-groupes\\\/\",\"name\":\"Les groupes - Emulation Nautique Bordeaux - Cano\u00eb-Kayak\",\"isPartOf\":{\"@id\":\"https:\\\/\\\/bordeaux-canoe-kayak.fr\\\/#website\"},\"primaryImageOfPage\":{\"@id\":\"https:\\\/\\\/bordeaux-canoe-kayak.fr\\\/index.php\\\/les-groupes\\\/#primaryimage\"},\"image\":{\"@id\":\"https:\\\/\\\/bordeaux-canoe-kayak.fr\\\/index.php\\\/les-groupes\\\/#primaryimage\"},\"thumbnailUrl\":\"http:\\\/\\\/bordeaux-canoe-kayak.fr\\\/wp-content\\\/uploads\\\/2024\\\/01\\\/image.jpeg\",\"datePublished\":\"2024-01-23T18:41:40+00:00\",\"dateModified\":\"2024-01-30T21:45:20+00:00\",\"breadcrumb\":{\"@id\":\"https:\\\/\\\/bordeaux-canoe-kayak.fr\\\/index.php\\\/les-groupes\\\/#breadcrumb\"},\"inLanguage\":\"fr-FR\",\"potentialAction\":[{\"@type\":\"ReadAction\",\"target\":[\"https:\\\/\\\/bordeaux-canoe-kayak.fr\\\/index.php\\\/les-groupes\\\/\"]}]},{\"@type\":\"ImageObject\",\"inLanguage\":\"fr-FR\",\"@id\":\"https:\\\/\\\/bordeaux-canoe-kayak.fr\\\/index.php\\\/les-groupes\\\/#primaryimage\",\"url\":\"https:\\\/\\\/bordeaux-canoe-kayak.fr\\\/wp-content\\\/uploads\\\/2024\\\/01\\\/image.jpeg\",\"contentUrl\":\"https:\\\/\\\/bordeaux-canoe-kayak.fr\\\/wp-content\\\/uploads\\\/2024\\\/01\\\/image.jpeg\",\"width\":960,\"height\":640},{\"@type\":\"BreadcrumbList\",\"@id\":\"https:\\\/\\\/bordeaux-canoe-kayak.fr\\\/index.php\\\/les-groupes\\\/#breadcrumb\",\"itemListElement\":[{\"@type\":\"ListItem\",\"position\":1,\"name\":\"Accueil\",\"item\":\"https:\\\/\\\/bordeaux-canoe-kayak.fr\\\/\"},{\"@type\":\"ListItem\",\"position\":2,\"name\":\"Les groupes\"}]},{\"@type\":\"WebSite\",\"@id\":\"https:\\\/\\\/bordeaux-canoe-kayak.fr\\\/#website\",\"url\":\"https:\\\/\\\/bordeaux-canoe-kayak.fr\\\/\",\"name\":\"Emulation Nautique Bordeaux - Cano\u00eb-Kayak\",\"description\":\"\",\"publisher\":{\"@id\":\"https:\\\/\\\/bordeaux-canoe-kayak.fr\\\/#organization\"},\"alternateName\":\"Club Canoe Kayak de Bordeaux\",\"potentialAction\":[{\"@type\":\"SearchAction\",\"target\":{\"@type\":\"EntryPoint\",\"urlTemplate\":\"https:\\\/\\\/bordeaux-canoe-kayak.fr\\\/?s={search_term_string}\"},\"query-input\":{\"@type\":\"PropertyValueSpecification\",\"valueRequired\":true,\"valueName\":\"search_term_string\"}}],\"inLanguage\":\"fr-FR\"},{\"@type\":\"Organization\",\"@id\":\"https:\\\/\\\/bordeaux-canoe-kayak.fr\\\/#organization\",\"name\":\"Emulation Nautique Bordeaux - Cano\u00eb-Kayak\",\"url\":\"https:\\\/\\\/bordeaux-canoe-kayak.fr\\\/\",\"logo\":{\"@type\":\"ImageObject\",\"inLanguage\":\"fr-FR\",\"@id\":\"https:\\\/\\\/bordeaux-canoe-kayak.fr\\\/#\\\/schema\\\/logo\\\/image\\\/\",\"url\":\"https:\\\/\\\/bordeaux-canoe-kayak.fr\\\/wp-content\\\/uploads\\\/2024\\\/06\\\/cropped-logo-ENBCK_F_Bl.jpg\",\"contentUrl\":\"https:\\\/\\\/bordeaux-canoe-kayak.fr\\\/wp-content\\\/uploads\\\/2024\\\/06\\\/cropped-logo-ENBCK_F_Bl.jpg\",\"width\":1598,\"height\":533,\"caption\":\"Emulation Nautique Bordeaux - Cano\u00eb-Kayak\"},\"image\":{\"@id\":\"https:\\\/\\\/bordeaux-canoe-kayak.fr\\\/#\\\/schema\\\/logo\\\/image\\\/\"},\"sameAs\":[\"https:\\\/\\\/www.facebook.com\\\/ENBCK\",\"https:\\\/\\\/www.instagram.com\\\/enbcanoekayak\\\/\"]}]}<\/script>\n<!-- \/ Yoast SEO plugin. -->","yoast_head_json":{"title":"Les groupes - Emulation Nautique Bordeaux - Cano\u00eb-Kayak","robots":{"index":"index","follow":"follow","max-snippet":"max-snippet:-1","max-image-preview":"max-image-preview:large","max-video-preview":"max-video-preview:-1"},"canonical":"https:\/\/bordeaux-canoe-kayak.fr\/index.php\/les-groupes\/","og_locale":"fr_FR","og_type":"article","og_title":"Les groupes - Emulation Nautique Bordeaux - Cano\u00eb-Kayak","og_description":"Page en construction, n&rsquo;h\u00e9sitez pas \u00e0 repasser plus tard.","og_url":"https:\/\/bordeaux-canoe-kayak.fr\/index.php\/les-groupes\/","og_site_name":"Emulation Nautique Bordeaux - Cano\u00eb-Kayak","article_publisher":"https:\/\/www.facebook.com\/ENBCK","article_modified_time":"2024-01-30T21:45:20+00:00","og_image":[{"url":"http:\/\/bordeaux-canoe-kayak.fr\/wp-content\/uploads\/2024\/01\/image.jpeg","type":"","width":"","height":""}],"twitter_card":"summary_large_image","schema":{"@context":"https:\/\/schema.org","@graph":[{"@type":"WebPage","@id":"https:\/\/bordeaux-canoe-kayak.fr\/index.php\/les-groupes\/","url":"https:\/\/bordeaux-canoe-kayak.fr\/index.php\/les-groupes\/","name":"Les groupes - Emulation Nautique Bordeaux - Cano\u00eb-Kayak","isPartOf":{"@id":"https:\/\/bordeaux-canoe-kayak.fr\/#website"},"primaryImageOfPage":{"@id":"https:\/\/bordeaux-canoe-kayak.fr\/index.php\/les-groupes\/#primaryimage"},"image":{"@id":"https:\/\/bordeaux-canoe-kayak.fr\/index.php\/les-groupes\/#primaryimage"},"thumbnailUrl":"http:\/\/bordeaux-canoe-kayak.fr\/wp-content\/uploads\/2024\/01\/image.jpeg","datePublished":"2024-01-23T18:41:40+00:00","dateModified":"2024-01-30T21:45:20+00:00","breadcrumb":{"@id":"https:\/\/bordeaux-canoe-kayak.fr\/index.php\/les-groupes\/#breadcrumb"},"inLanguage":"fr-FR","potentialAction":[{"@type":"ReadAction","target":["https:\/\/bordeaux-canoe-kayak.fr\/index.php\/les-groupes\/"]}]},{"@type":"ImageObject","inLanguage":"fr-FR","@id":"https:\/\/bordeaux-canoe-kayak.fr\/index.php\/les-groupes\/#primaryimage","url":"https:\/\/bordeaux-canoe-kayak.fr\/wp-content\/uploads\/2024\/01\/image.jpeg","contentUrl":"https:\/\/bordeaux-canoe-kayak.fr\/wp-content\/uploads\/2024\/01\/image.jpeg","width":960,"height":640},{"@type":"BreadcrumbList","@id":"https:\/\/bordeaux-canoe-kayak.fr\/index.php\/les-groupes\/#breadcrumb","itemListElement":[{"@type":"ListItem","position":1,"name":"Accueil","item":"https:\/\/bordeaux-canoe-kayak.fr\/"},{"@type":"ListItem","position":2,"name":"Les groupes"}]},{"@type":"WebSite","@id":"https:\/\/bordeaux-canoe-kayak.fr\/#website","url":"https:\/\/bordeaux-canoe-kayak.fr\/","name":"Emulation Nautique Bordeaux - Cano\u00eb-Kayak","description":"","publisher":{"@id":"https:\/\/bordeaux-canoe-kayak.fr\/#organization"},"alternateName":"Club Canoe Kayak de Bordeaux","potentialAction":[{"@type":"SearchAction","target":{"@type":"EntryPoint","urlTemplate":"https:\/\/bordeaux-canoe-kayak.fr\/?s={search_term_string}"},"query-input":{"@type":"PropertyValueSpecification","valueRequired":true,"valueName":"search_term_string"}}],"inLanguage":"fr-FR"},{"@type":"Organization","@id":"https:\/\/bordeaux-canoe-kayak.fr\/#organization","name":"Emulation Nautique Bordeaux - Cano\u00eb-Kayak","url":"https:\/\/bordeaux-canoe-kayak.fr\/","logo":{"@type":"ImageObject","inLanguage":"fr-FR","@id":"https:\/\/bordeaux-canoe-kayak.fr\/#\/schema\/logo\/image\/","url":"https:\/\/bordeaux-canoe-kayak.fr\/wp-content\/uploads\/2024\/06\/cropped-logo-ENBCK_F_Bl.jpg","contentUrl":"https:\/\/bordeaux-canoe-kayak.fr\/wp-content\/uploads\/2024\/06\/cropped-logo-ENBCK_F_Bl.jpg","width":1598,"height":533,"caption":"Emulation Nautique Bordeaux - Cano\u00eb-Kayak"},"image":{"@id":"https:\/\/bordeaux-canoe-kayak.fr\/#\/schema\/logo\/image\/"},"sameAs":["https:\/\/www.facebook.com\/ENBCK","https:\/\/www.instagram.com\/enbcanoekayak\/"]}]}},"_links":{"self":[{"href":"https:\/\/bordeaux-canoe-kayak.fr\/index.php\/wp-json\/wp\/v2\/pages\/22","targetHints":{"allow":["GET"]}}],"collection":[{"href":"https:\/\/bordeaux-canoe-kayak.fr\/index.php\/wp-json\/wp\/v2\/pages"}],"about":[{"href":"https:\/\/bordeaux-canoe-kayak.fr\/index.php\/wp-json\/wp\/v2\/types\/page"}],"author":[{"embeddable":true,"href":"https:\/\/bordeaux-canoe-kayak.fr\/index.php\/wp-json\/wp\/v2\/users\/1"}],"replies":[{"embeddable":true,"href":"https:\/\/bordeaux-canoe-kayak.fr\/index.php\/wp-json\/wp\/v2\/comments?post=22"}],"version-history":[{"count":2,"href":"https:\/\/bordeaux-canoe-kayak.fr\/index.php\/wp-json\/wp\/v2\/pages\/22\/revisions"}],"predecessor-version":[{"id":150,"href":"https:\/\/bordeaux-canoe-kayak.fr\/index.php\/wp-json\/wp\/v2\/pages\/22\/revisions\/150"}],"wp:attachment":[{"href":"https:\/\/bordeaux-canoe-kayak.fr\/index.php\/wp-json\/wp\/v2\/media?parent=22"}],"curies":[{"name":"wp","href":"https:\/\/api.w.org\/{rel}","templated":true}]}}