{"id":20,"date":"2024-01-23T19:41:40","date_gmt":"2024-01-23T18:41:40","guid":{"rendered":"https:\/\/bordeaux-canoe-kayak.fr\/?page_id=20"},"modified":"2026-01-24T17:19:53","modified_gmt":"2026-01-24T16:19:53","slug":"lequipe","status":"publish","type":"page","link":"https:\/\/bordeaux-canoe-kayak.fr\/index.php\/lequipe\/","title":{"rendered":"L&rsquo;\u00e9quipe"},"content":{"rendered":"\n<h2 class=\"wp-block-heading has-text-align-center\">Le bureau<\/h2>\n\n\n\n<div class=\"wp-block-group is-nowrap is-layout-flex wp-container-core-group-is-layout-ad2f72ca wp-block-group-is-layout-flex\">\n<div class=\"wp-block-cover has-custom-content-position is-position-bottom-center wp-duotone-unset-1\" style=\"min-height:430px;aspect-ratio:unset;\"><img loading=\"lazy\" decoding=\"async\" width=\"533\" height=\"800\" class=\"wp-block-cover__image-background wp-image-178\" alt=\"\" src=\"https:\/\/bordeaux-canoe-kayak.fr\/wp-content\/uploads\/2024\/02\/DECENDIT-Alain-2022-trombi-ENBCK-8589.jpg\" style=\"object-position:49% 34%\" data-object-fit=\"cover\" data-object-position=\"49% 34%\" srcset=\"https:\/\/bordeaux-canoe-kayak.fr\/wp-content\/uploads\/2024\/02\/DECENDIT-Alain-2022-trombi-ENBCK-8589.jpg 533w, https:\/\/bordeaux-canoe-kayak.fr\/wp-content\/uploads\/2024\/02\/DECENDIT-Alain-2022-trombi-ENBCK-8589-200x300.jpg 200w\" sizes=\"auto, (max-width: 533px) 100vw, 533px\" \/><span aria-hidden=\"true\" class=\"wp-block-cover__background has-background-dim\"><\/span><div class=\"wp-block-cover__inner-container is-layout-flow wp-block-cover-is-layout-flow\">\n<p class=\"has-text-align-center has-large-font-size\"><sub>Alain Decendit (Pr\u00e9sident)<\/sub><\/p>\n<\/div><\/div>\n\n\n\n<div class=\"wp-block-cover has-custom-content-position is-position-bottom-center\"><img loading=\"lazy\" decoding=\"async\" width=\"533\" height=\"800\" class=\"wp-block-cover__image-background wp-image-179\" alt=\"\" src=\"https:\/\/bordeaux-canoe-kayak.fr\/wp-content\/uploads\/2024\/02\/MARTIN-Guillaume-2022-trombi-ENBCK-8150.jpg\" style=\"object-position:48% 71%\" data-object-fit=\"cover\" data-object-position=\"48% 71%\" srcset=\"https:\/\/bordeaux-canoe-kayak.fr\/wp-content\/uploads\/2024\/02\/MARTIN-Guillaume-2022-trombi-ENBCK-8150.jpg 533w, https:\/\/bordeaux-canoe-kayak.fr\/wp-content\/uploads\/2024\/02\/MARTIN-Guillaume-2022-trombi-ENBCK-8150-200x300.jpg 200w\" sizes=\"auto, (max-width: 533px) 100vw, 533px\" \/><span aria-hidden=\"true\" class=\"wp-block-cover__background has-background-dim\"><\/span><div class=\"wp-block-cover__inner-container is-layout-flow wp-block-cover-is-layout-flow\">\n<p class=\"has-text-align-center has-large-font-size\"><sub>Guillaume Martin (Tr\u00e9sorier)<\/sub><\/p>\n<\/div><\/div>\n\n\n\n<div class=\"wp-block-cover has-custom-content-position is-position-bottom-center\"><img loading=\"lazy\" decoding=\"async\" width=\"533\" height=\"800\" class=\"wp-block-cover__image-background wp-image-180\" alt=\"\" src=\"https:\/\/bordeaux-canoe-kayak.fr\/wp-content\/uploads\/2024\/02\/DAL-Ludovic-2022-trombi-ENBCK-8604.jpg\" data-object-fit=\"cover\" srcset=\"https:\/\/bordeaux-canoe-kayak.fr\/wp-content\/uploads\/2024\/02\/DAL-Ludovic-2022-trombi-ENBCK-8604.jpg 533w, https:\/\/bordeaux-canoe-kayak.fr\/wp-content\/uploads\/2024\/02\/DAL-Ludovic-2022-trombi-ENBCK-8604-200x300.jpg 200w\" sizes=\"auto, (max-width: 533px) 100vw, 533px\" \/><span aria-hidden=\"true\" class=\"wp-block-cover__background has-background-dim\"><\/span><div class=\"wp-block-cover__inner-container is-layout-flow wp-block-cover-is-layout-flow\">\n<p class=\"has-text-align-center has-large-font-size\"><sub>Ludovic DAL (Secr\u00e9taire)<\/sub><\/p>\n<\/div><\/div>\n<\/div>\n\n\n\n<p><sub>Cr\u00e9dit photos : <a href=\"https:\/\/angellachouette.com\">angellachouette.com<\/a><\/sub><\/p>\n\n\n\n<div class=\"wp-block-columns is-layout-flex wp-container-core-columns-is-layout-9d6595d7 wp-block-columns-is-layout-flex\">\n<div class=\"wp-block-column is-layout-flow wp-block-column-is-layout-flow\" style=\"flex-basis:100%\">\n<div class=\"wp-block-group\"><div class=\"wp-block-group__inner-container is-layout-constrained wp-block-group-is-layout-constrained\">\n<div class=\"wp-block-group alignwide is-content-justification-center is-nowrap is-layout-flex wp-container-core-group-is-layout-94bc23d7 wp-block-group-is-layout-flex\">\n<div class=\"wp-block-group is-nowrap is-layout-flex wp-container-core-group-is-layout-ad2f72ca wp-block-group-is-layout-flex\">\n<div class=\"wp-block-cover has-custom-content-position is-position-bottom-center wp-duotone-unset-2\"><img loading=\"lazy\" decoding=\"async\" width=\"768\" height=\"1024\" class=\"wp-block-cover__image-background wp-image-588\" alt=\"\" src=\"https:\/\/bordeaux-canoe-kayak.fr\/wp-content\/uploads\/2026\/01\/FOURCAUD_Henri-768x1024.jpeg\" data-object-fit=\"cover\" srcset=\"https:\/\/bordeaux-canoe-kayak.fr\/wp-content\/uploads\/2026\/01\/FOURCAUD_Henri-768x1024.jpeg 768w, https:\/\/bordeaux-canoe-kayak.fr\/wp-content\/uploads\/2026\/01\/FOURCAUD_Henri-225x300.jpeg 225w, https:\/\/bordeaux-canoe-kayak.fr\/wp-content\/uploads\/2026\/01\/FOURCAUD_Henri-1152x1536.jpeg 1152w, https:\/\/bordeaux-canoe-kayak.fr\/wp-content\/uploads\/2026\/01\/FOURCAUD_Henri-rotated.jpeg 1158w\" sizes=\"auto, (max-width: 768px) 100vw, 768px\" \/><span aria-hidden=\"true\" class=\"wp-block-cover__background has-background-dim\"><\/span><div class=\"wp-block-cover__inner-container is-layout-flow wp-block-cover-is-layout-flow\">\n<p class=\"has-text-align-center has-large-font-size\"><sub>Henri Fourcaud<\/sub><\/p>\n\n\n\n<p class=\"has-text-align-center has-large-font-size\"><sub>(Vice-Pr\u00e9sident)<\/sub><\/p>\n<\/div><\/div>\n\n\n\n<div class=\"wp-block-cover has-custom-content-position is-position-bottom-center\"><img loading=\"lazy\" decoding=\"async\" width=\"533\" height=\"800\" class=\"wp-block-cover__image-background wp-image-184\" alt=\"\" src=\"https:\/\/bordeaux-canoe-kayak.fr\/wp-content\/uploads\/2024\/02\/GOUJON-Alain-2022-trombi-ENBCK-8144.jpg\" data-object-fit=\"cover\" srcset=\"https:\/\/bordeaux-canoe-kayak.fr\/wp-content\/uploads\/2024\/02\/GOUJON-Alain-2022-trombi-ENBCK-8144.jpg 533w, https:\/\/bordeaux-canoe-kayak.fr\/wp-content\/uploads\/2024\/02\/GOUJON-Alain-2022-trombi-ENBCK-8144-200x300.jpg 200w\" sizes=\"auto, (max-width: 533px) 100vw, 533px\" \/><span aria-hidden=\"true\" class=\"wp-block-cover__background has-background-dim\"><\/span><div class=\"wp-block-cover__inner-container is-layout-flow wp-block-cover-is-layout-flow\">\n<p class=\"has-text-align-center has-large-font-size\"><sub>Alain Goujon<\/sub><\/p>\n\n\n\n<p class=\"has-text-align-center has-large-font-size\"><sub>(Vice-Tr\u00e9sorier)<\/sub><\/p>\n<\/div><\/div>\n\n\n\n<div class=\"wp-block-cover has-custom-content-position is-position-bottom-center\"><img loading=\"lazy\" decoding=\"async\" width=\"533\" height=\"800\" class=\"wp-block-cover__image-background wp-image-590\" alt=\"\" src=\"https:\/\/bordeaux-canoe-kayak.fr\/wp-content\/uploads\/2026\/01\/TRASSY-Dominique-2022-trombi-ENBCK-8565-2.jpg\" data-object-fit=\"cover\" srcset=\"https:\/\/bordeaux-canoe-kayak.fr\/wp-content\/uploads\/2026\/01\/TRASSY-Dominique-2022-trombi-ENBCK-8565-2.jpg 533w, https:\/\/bordeaux-canoe-kayak.fr\/wp-content\/uploads\/2026\/01\/TRASSY-Dominique-2022-trombi-ENBCK-8565-2-200x300.jpg 200w\" sizes=\"auto, (max-width: 533px) 100vw, 533px\" \/><span aria-hidden=\"true\" class=\"wp-block-cover__background has-background-dim\"><\/span><div class=\"wp-block-cover__inner-container is-layout-flow wp-block-cover-is-layout-flow\">\n<p class=\"has-text-align-center has-large-font-size\"><sub>Dominique Trassy<\/sub><\/p>\n\n\n\n<p class=\"has-text-align-center has-large-font-size\"><sub>(Vice-Secr\u00e9taire)<\/sub><\/p>\n<\/div><\/div>\n<\/div>\n<\/div>\n<\/div><\/div>\n<\/div>\n<\/div>\n\n\n\n<h2 class=\"wp-block-heading has-text-align-center\">Les moniteurs<\/h2>\n\n\n\n<div class=\"wp-block-group is-content-justification-center is-nowrap is-layout-flex wp-container-core-group-is-layout-94bc23d7 wp-block-group-is-layout-flex\">\n<div class=\"wp-block-cover has-custom-content-position is-position-bottom-center\"><img loading=\"lazy\" decoding=\"async\" width=\"533\" height=\"800\" class=\"wp-block-cover__image-background wp-image-182\" alt=\"\" src=\"https:\/\/bordeaux-canoe-kayak.fr\/wp-content\/uploads\/2024\/02\/DECENDIT-Sandrine-2022-trombi-ENBCK-jeunes-8533-1.jpg\" data-object-fit=\"cover\" srcset=\"https:\/\/bordeaux-canoe-kayak.fr\/wp-content\/uploads\/2024\/02\/DECENDIT-Sandrine-2022-trombi-ENBCK-jeunes-8533-1.jpg 533w, https:\/\/bordeaux-canoe-kayak.fr\/wp-content\/uploads\/2024\/02\/DECENDIT-Sandrine-2022-trombi-ENBCK-jeunes-8533-1-200x300.jpg 200w\" sizes=\"auto, (max-width: 533px) 100vw, 533px\" \/><span aria-hidden=\"true\" class=\"wp-block-cover__background has-background-dim\"><\/span><div class=\"wp-block-cover__inner-container is-layout-flow wp-block-cover-is-layout-flow\">\n<p class=\"has-text-align-center has-large-font-size\"><sub>Sandrine Decendit<\/sub><\/p>\n<\/div><\/div>\n\n\n\n<div class=\"wp-block-cover has-custom-content-position is-position-bottom-center\"><img loading=\"lazy\" decoding=\"async\" width=\"617\" height=\"822\" class=\"wp-block-cover__image-background wp-image-593\" alt=\"\" src=\"https:\/\/bordeaux-canoe-kayak.fr\/wp-content\/uploads\/2026\/01\/ALMANRIC_Alban-edited-1.jpg\" style=\"object-position:64% 59%\" data-object-fit=\"cover\" data-object-position=\"64% 59%\" srcset=\"https:\/\/bordeaux-canoe-kayak.fr\/wp-content\/uploads\/2026\/01\/ALMANRIC_Alban-edited-1.jpg 617w, https:\/\/bordeaux-canoe-kayak.fr\/wp-content\/uploads\/2026\/01\/ALMANRIC_Alban-edited-1-225x300.jpg 225w\" sizes=\"auto, (max-width: 617px) 100vw, 617px\" \/><span aria-hidden=\"true\" class=\"wp-block-cover__background has-background-dim\"><\/span><div class=\"wp-block-cover__inner-container is-layout-flow wp-block-cover-is-layout-flow\">\n<p><\/p>\n\n\n\n<p><\/p>\n\n\n\n<p><\/p>\n\n\n\n<p><\/p>\n\n\n\n<p><\/p>\n\n\n\n<p><\/p>\n\n\n\n<p><\/p>\n\n\n\n<p class=\"has-text-align-center has-large-font-size\"><sub>Alban Almanric<\/sub><\/p>\n<\/div><\/div>\n<\/div>\n\n\n\n<p class=\"has-text-align-center\">Et tous les b\u00e9n\u00e9voles du club&#8230;<\/p>\n\n\n\n<p><\/p>\n","protected":false},"excerpt":{"rendered":"<p>Le bureau Cr\u00e9dit photos : angellachouette.com Les moniteurs Et tous les b\u00e9n\u00e9voles du club&#8230;<\/p>\n","protected":false},"author":1,"featured_media":0,"parent":0,"menu_order":0,"comment_status":"closed","ping_status":"closed","template":"","meta":{"ocean_post_layout":"","ocean_both_sidebars_style":"","ocean_both_sidebars_content_width":0,"ocean_both_sidebars_sidebars_width":0,"ocean_sidebar":"","ocean_second_sidebar":"","ocean_disable_margins":"enable","ocean_add_body_class":"","ocean_shortcode_before_top_bar":"","ocean_shortcode_after_top_bar":"","ocean_shortcode_before_header":"","ocean_shortcode_after_header":"","ocean_has_shortcode":"","ocean_shortcode_after_title":"","ocean_shortcode_before_footer_widgets":"","ocean_shortcode_after_footer_widgets":"","ocean_shortcode_before_footer_bottom":"","ocean_shortcode_after_footer_bottom":"","ocean_display_top_bar":"default","ocean_display_header":"default","ocean_header_style":"","ocean_center_header_left_menu":"","ocean_custom_header_template":"","ocean_custom_logo":0,"ocean_custom_retina_logo":0,"ocean_custom_logo_max_width":0,"ocean_custom_logo_tablet_max_width":0,"ocean_custom_logo_mobile_max_width":0,"ocean_custom_logo_max_height":0,"ocean_custom_logo_tablet_max_height":0,"ocean_custom_logo_mobile_max_height":0,"ocean_header_custom_menu":"","ocean_menu_typo_font_family":"","ocean_menu_typo_font_subset":"","ocean_menu_typo_font_size":0,"ocean_menu_typo_font_size_tablet":0,"ocean_menu_typo_font_size_mobile":0,"ocean_menu_typo_font_size_unit":"px","ocean_menu_typo_font_weight":"","ocean_menu_typo_font_weight_tablet":"","ocean_menu_typo_font_weight_mobile":"","ocean_menu_typo_transform":"","ocean_menu_typo_transform_tablet":"","ocean_menu_typo_transform_mobile":"","ocean_menu_typo_line_height":0,"ocean_menu_typo_line_height_tablet":0,"ocean_menu_typo_line_height_mobile":0,"ocean_menu_typo_line_height_unit":"","ocean_menu_typo_spacing":0,"ocean_menu_typo_spacing_tablet":0,"ocean_menu_typo_spacing_mobile":0,"ocean_menu_typo_spacing_unit":"","ocean_menu_link_color":"","ocean_menu_link_color_hover":"","ocean_menu_link_color_active":"","ocean_menu_link_background":"","ocean_menu_link_hover_background":"","ocean_menu_link_active_background":"","ocean_menu_social_links_bg":"","ocean_menu_social_hover_links_bg":"","ocean_menu_social_links_color":"","ocean_menu_social_hover_links_color":"","ocean_disable_title":"default","ocean_disable_heading":"default","ocean_post_title":"","ocean_post_subheading":"","ocean_post_title_style":"","ocean_post_title_background_color":"","ocean_post_title_background":0,"ocean_post_title_bg_image_position":"","ocean_post_title_bg_image_attachment":"","ocean_post_title_bg_image_repeat":"","ocean_post_title_bg_image_size":"","ocean_post_title_height":0,"ocean_post_title_bg_overlay":0.5,"ocean_post_title_bg_overlay_color":"","ocean_disable_breadcrumbs":"default","ocean_breadcrumbs_color":"","ocean_breadcrumbs_separator_color":"","ocean_breadcrumbs_links_color":"","ocean_breadcrumbs_links_hover_color":"","ocean_display_footer_widgets":"default","ocean_display_footer_bottom":"default","ocean_custom_footer_template":"","footnotes":""},"class_list":["post-20","page","type-page","status-publish","hentry","entry"],"yoast_head":"<!-- This site is optimized with the Yoast SEO plugin v27.3 - https:\/\/yoast.com\/product\/yoast-seo-wordpress\/ -->\n<title>L&#039;\u00e9quipe - Emulation Nautique Bordeaux - Cano\u00eb-Kayak<\/title>\n<meta name=\"robots\" content=\"index, follow, max-snippet:-1, max-image-preview:large, max-video-preview:-1\" \/>\n<link rel=\"canonical\" href=\"https:\/\/bordeaux-canoe-kayak.fr\/index.php\/lequipe\/\" \/>\n<meta property=\"og:locale\" content=\"fr_FR\" \/>\n<meta property=\"og:type\" content=\"article\" \/>\n<meta property=\"og:title\" content=\"L&#039;\u00e9quipe - Emulation Nautique Bordeaux - Cano\u00eb-Kayak\" \/>\n<meta property=\"og:description\" content=\"Le bureau Cr\u00e9dit photos : angellachouette.com Les moniteurs Et tous les b\u00e9n\u00e9voles du club&#8230;\" \/>\n<meta property=\"og:url\" content=\"https:\/\/bordeaux-canoe-kayak.fr\/index.php\/lequipe\/\" \/>\n<meta property=\"og:site_name\" content=\"Emulation Nautique Bordeaux - Cano\u00eb-Kayak\" \/>\n<meta property=\"article:publisher\" content=\"https:\/\/www.facebook.com\/ENBCK\" \/>\n<meta property=\"article:modified_time\" content=\"2026-01-24T16:19:53+00:00\" \/>\n<meta property=\"og:image\" content=\"https:\/\/bordeaux-canoe-kayak.fr\/wp-content\/uploads\/2024\/02\/DECENDIT-Alain-2022-trombi-ENBCK-8589.jpg\" \/>\n\t<meta property=\"og:image:width\" content=\"533\" \/>\n\t<meta property=\"og:image:height\" content=\"800\" \/>\n\t<meta property=\"og:image:type\" content=\"image\/jpeg\" \/>\n<meta name=\"twitter:card\" content=\"summary_large_image\" \/>\n<meta name=\"twitter:label1\" content=\"Dur\u00e9e de lecture estim\u00e9e\" \/>\n\t<meta name=\"twitter:data1\" content=\"2 minutes\" \/>\n<script type=\"application\/ld+json\" class=\"yoast-schema-graph\">{\"@context\":\"https:\\\/\\\/schema.org\",\"@graph\":[{\"@type\":\"WebPage\",\"@id\":\"https:\\\/\\\/bordeaux-canoe-kayak.fr\\\/index.php\\\/lequipe\\\/\",\"url\":\"https:\\\/\\\/bordeaux-canoe-kayak.fr\\\/index.php\\\/lequipe\\\/\",\"name\":\"L'\u00e9quipe - Emulation Nautique Bordeaux - Cano\u00eb-Kayak\",\"isPartOf\":{\"@id\":\"https:\\\/\\\/bordeaux-canoe-kayak.fr\\\/#website\"},\"primaryImageOfPage\":{\"@id\":\"https:\\\/\\\/bordeaux-canoe-kayak.fr\\\/index.php\\\/lequipe\\\/#primaryimage\"},\"image\":{\"@id\":\"https:\\\/\\\/bordeaux-canoe-kayak.fr\\\/index.php\\\/lequipe\\\/#primaryimage\"},\"thumbnailUrl\":\"https:\\\/\\\/bordeaux-canoe-kayak.fr\\\/wp-content\\\/uploads\\\/2024\\\/02\\\/DECENDIT-Alain-2022-trombi-ENBCK-8589.jpg\",\"datePublished\":\"2024-01-23T18:41:40+00:00\",\"dateModified\":\"2026-01-24T16:19:53+00:00\",\"breadcrumb\":{\"@id\":\"https:\\\/\\\/bordeaux-canoe-kayak.fr\\\/index.php\\\/lequipe\\\/#breadcrumb\"},\"inLanguage\":\"fr-FR\",\"potentialAction\":[{\"@type\":\"ReadAction\",\"target\":[\"https:\\\/\\\/bordeaux-canoe-kayak.fr\\\/index.php\\\/lequipe\\\/\"]}]},{\"@type\":\"ImageObject\",\"inLanguage\":\"fr-FR\",\"@id\":\"https:\\\/\\\/bordeaux-canoe-kayak.fr\\\/index.php\\\/lequipe\\\/#primaryimage\",\"url\":\"https:\\\/\\\/bordeaux-canoe-kayak.fr\\\/wp-content\\\/uploads\\\/2024\\\/02\\\/DECENDIT-Alain-2022-trombi-ENBCK-8589.jpg\",\"contentUrl\":\"https:\\\/\\\/bordeaux-canoe-kayak.fr\\\/wp-content\\\/uploads\\\/2024\\\/02\\\/DECENDIT-Alain-2022-trombi-ENBCK-8589.jpg\",\"width\":533,\"height\":800},{\"@type\":\"BreadcrumbList\",\"@id\":\"https:\\\/\\\/bordeaux-canoe-kayak.fr\\\/index.php\\\/lequipe\\\/#breadcrumb\",\"itemListElement\":[{\"@type\":\"ListItem\",\"position\":1,\"name\":\"Accueil\",\"item\":\"https:\\\/\\\/bordeaux-canoe-kayak.fr\\\/\"},{\"@type\":\"ListItem\",\"position\":2,\"name\":\"L&rsquo;\u00e9quipe\"}]},{\"@type\":\"WebSite\",\"@id\":\"https:\\\/\\\/bordeaux-canoe-kayak.fr\\\/#website\",\"url\":\"https:\\\/\\\/bordeaux-canoe-kayak.fr\\\/\",\"name\":\"Emulation Nautique Bordeaux - Cano\u00eb-Kayak\",\"description\":\"\",\"publisher\":{\"@id\":\"https:\\\/\\\/bordeaux-canoe-kayak.fr\\\/#organization\"},\"alternateName\":\"Club Canoe Kayak de Bordeaux\",\"potentialAction\":[{\"@type\":\"SearchAction\",\"target\":{\"@type\":\"EntryPoint\",\"urlTemplate\":\"https:\\\/\\\/bordeaux-canoe-kayak.fr\\\/?s={search_term_string}\"},\"query-input\":{\"@type\":\"PropertyValueSpecification\",\"valueRequired\":true,\"valueName\":\"search_term_string\"}}],\"inLanguage\":\"fr-FR\"},{\"@type\":\"Organization\",\"@id\":\"https:\\\/\\\/bordeaux-canoe-kayak.fr\\\/#organization\",\"name\":\"Emulation Nautique Bordeaux - Cano\u00eb-Kayak\",\"url\":\"https:\\\/\\\/bordeaux-canoe-kayak.fr\\\/\",\"logo\":{\"@type\":\"ImageObject\",\"inLanguage\":\"fr-FR\",\"@id\":\"https:\\\/\\\/bordeaux-canoe-kayak.fr\\\/#\\\/schema\\\/logo\\\/image\\\/\",\"url\":\"https:\\\/\\\/bordeaux-canoe-kayak.fr\\\/wp-content\\\/uploads\\\/2024\\\/06\\\/cropped-logo-ENBCK_F_Bl.jpg\",\"contentUrl\":\"https:\\\/\\\/bordeaux-canoe-kayak.fr\\\/wp-content\\\/uploads\\\/2024\\\/06\\\/cropped-logo-ENBCK_F_Bl.jpg\",\"width\":1598,\"height\":533,\"caption\":\"Emulation Nautique Bordeaux - Cano\u00eb-Kayak\"},\"image\":{\"@id\":\"https:\\\/\\\/bordeaux-canoe-kayak.fr\\\/#\\\/schema\\\/logo\\\/image\\\/\"},\"sameAs\":[\"https:\\\/\\\/www.facebook.com\\\/ENBCK\",\"https:\\\/\\\/www.instagram.com\\\/enbcanoekayak\\\/\"]}]}<\/script>\n<!-- \/ Yoast SEO plugin. -->","yoast_head_json":{"title":"L'\u00e9quipe - Emulation Nautique Bordeaux - Cano\u00eb-Kayak","robots":{"index":"index","follow":"follow","max-snippet":"max-snippet:-1","max-image-preview":"max-image-preview:large","max-video-preview":"max-video-preview:-1"},"canonical":"https:\/\/bordeaux-canoe-kayak.fr\/index.php\/lequipe\/","og_locale":"fr_FR","og_type":"article","og_title":"L'\u00e9quipe - Emulation Nautique Bordeaux - Cano\u00eb-Kayak","og_description":"Le bureau Cr\u00e9dit photos : angellachouette.com Les moniteurs Et tous les b\u00e9n\u00e9voles du club&#8230;","og_url":"https:\/\/bordeaux-canoe-kayak.fr\/index.php\/lequipe\/","og_site_name":"Emulation Nautique Bordeaux - Cano\u00eb-Kayak","article_publisher":"https:\/\/www.facebook.com\/ENBCK","article_modified_time":"2026-01-24T16:19:53+00:00","og_image":[{"width":533,"height":800,"url":"https:\/\/bordeaux-canoe-kayak.fr\/wp-content\/uploads\/2024\/02\/DECENDIT-Alain-2022-trombi-ENBCK-8589.jpg","type":"image\/jpeg"}],"twitter_card":"summary_large_image","twitter_misc":{"Dur\u00e9e de lecture estim\u00e9e":"2 minutes"},"schema":{"@context":"https:\/\/schema.org","@graph":[{"@type":"WebPage","@id":"https:\/\/bordeaux-canoe-kayak.fr\/index.php\/lequipe\/","url":"https:\/\/bordeaux-canoe-kayak.fr\/index.php\/lequipe\/","name":"L'\u00e9quipe - Emulation Nautique Bordeaux - Cano\u00eb-Kayak","isPartOf":{"@id":"https:\/\/bordeaux-canoe-kayak.fr\/#website"},"primaryImageOfPage":{"@id":"https:\/\/bordeaux-canoe-kayak.fr\/index.php\/lequipe\/#primaryimage"},"image":{"@id":"https:\/\/bordeaux-canoe-kayak.fr\/index.php\/lequipe\/#primaryimage"},"thumbnailUrl":"https:\/\/bordeaux-canoe-kayak.fr\/wp-content\/uploads\/2024\/02\/DECENDIT-Alain-2022-trombi-ENBCK-8589.jpg","datePublished":"2024-01-23T18:41:40+00:00","dateModified":"2026-01-24T16:19:53+00:00","breadcrumb":{"@id":"https:\/\/bordeaux-canoe-kayak.fr\/index.php\/lequipe\/#breadcrumb"},"inLanguage":"fr-FR","potentialAction":[{"@type":"ReadAction","target":["https:\/\/bordeaux-canoe-kayak.fr\/index.php\/lequipe\/"]}]},{"@type":"ImageObject","inLanguage":"fr-FR","@id":"https:\/\/bordeaux-canoe-kayak.fr\/index.php\/lequipe\/#primaryimage","url":"https:\/\/bordeaux-canoe-kayak.fr\/wp-content\/uploads\/2024\/02\/DECENDIT-Alain-2022-trombi-ENBCK-8589.jpg","contentUrl":"https:\/\/bordeaux-canoe-kayak.fr\/wp-content\/uploads\/2024\/02\/DECENDIT-Alain-2022-trombi-ENBCK-8589.jpg","width":533,"height":800},{"@type":"BreadcrumbList","@id":"https:\/\/bordeaux-canoe-kayak.fr\/index.php\/lequipe\/#breadcrumb","itemListElement":[{"@type":"ListItem","position":1,"name":"Accueil","item":"https:\/\/bordeaux-canoe-kayak.fr\/"},{"@type":"ListItem","position":2,"name":"L&rsquo;\u00e9quipe"}]},{"@type":"WebSite","@id":"https:\/\/bordeaux-canoe-kayak.fr\/#website","url":"https:\/\/bordeaux-canoe-kayak.fr\/","name":"Emulation Nautique Bordeaux - Cano\u00eb-Kayak","description":"","publisher":{"@id":"https:\/\/bordeaux-canoe-kayak.fr\/#organization"},"alternateName":"Club Canoe Kayak de Bordeaux","potentialAction":[{"@type":"SearchAction","target":{"@type":"EntryPoint","urlTemplate":"https:\/\/bordeaux-canoe-kayak.fr\/?s={search_term_string}"},"query-input":{"@type":"PropertyValueSpecification","valueRequired":true,"valueName":"search_term_string"}}],"inLanguage":"fr-FR"},{"@type":"Organization","@id":"https:\/\/bordeaux-canoe-kayak.fr\/#organization","name":"Emulation Nautique Bordeaux - Cano\u00eb-Kayak","url":"https:\/\/bordeaux-canoe-kayak.fr\/","logo":{"@type":"ImageObject","inLanguage":"fr-FR","@id":"https:\/\/bordeaux-canoe-kayak.fr\/#\/schema\/logo\/image\/","url":"https:\/\/bordeaux-canoe-kayak.fr\/wp-content\/uploads\/2024\/06\/cropped-logo-ENBCK_F_Bl.jpg","contentUrl":"https:\/\/bordeaux-canoe-kayak.fr\/wp-content\/uploads\/2024\/06\/cropped-logo-ENBCK_F_Bl.jpg","width":1598,"height":533,"caption":"Emulation Nautique Bordeaux - Cano\u00eb-Kayak"},"image":{"@id":"https:\/\/bordeaux-canoe-kayak.fr\/#\/schema\/logo\/image\/"},"sameAs":["https:\/\/www.facebook.com\/ENBCK","https:\/\/www.instagram.com\/enbcanoekayak\/"]}]}},"_links":{"self":[{"href":"https:\/\/bordeaux-canoe-kayak.fr\/index.php\/wp-json\/wp\/v2\/pages\/20","targetHints":{"allow":["GET"]}}],"collection":[{"href":"https:\/\/bordeaux-canoe-kayak.fr\/index.php\/wp-json\/wp\/v2\/pages"}],"about":[{"href":"https:\/\/bordeaux-canoe-kayak.fr\/index.php\/wp-json\/wp\/v2\/types\/page"}],"author":[{"embeddable":true,"href":"https:\/\/bordeaux-canoe-kayak.fr\/index.php\/wp-json\/wp\/v2\/users\/1"}],"replies":[{"embeddable":true,"href":"https:\/\/bordeaux-canoe-kayak.fr\/index.php\/wp-json\/wp\/v2\/comments?post=20"}],"version-history":[{"count":23,"href":"https:\/\/bordeaux-canoe-kayak.fr\/index.php\/wp-json\/wp\/v2\/pages\/20\/revisions"}],"predecessor-version":[{"id":618,"href":"https:\/\/bordeaux-canoe-kayak.fr\/index.php\/wp-json\/wp\/v2\/pages\/20\/revisions\/618"}],"wp:attachment":[{"href":"https:\/\/bordeaux-canoe-kayak.fr\/index.php\/wp-json\/wp\/v2\/media?parent=20"}],"curies":[{"name":"wp","href":"https:\/\/api.w.org\/{rel}","templated":true}]}}