{"id":19,"date":"2024-01-23T19:41:40","date_gmt":"2024-01-23T18:41:40","guid":{"rendered":"https:\/\/bordeaux-canoe-kayak.fr\/?page_id=19"},"modified":"2024-02-01T22:32:14","modified_gmt":"2024-02-01T21:32:14","slug":"section-competition","status":"publish","type":"page","link":"https:\/\/bordeaux-canoe-kayak.fr\/index.php\/section-competition\/","title":{"rendered":"Section Comp\u00e9tition"},"content":{"rendered":"\n<p>La section comp\u00e9tition regroupe l&rsquo;ensemble des membres du club d\u00e9sirant pousser la pratique de la discipline afin de participer aux diff\u00e9rentes comp\u00e9titions organis\u00e9es, que ce soit sur les \u00e9preuves de fond, de vitesse mais \u00e9galement de marathon.<\/p>\n\n\n\n<p>Les cr\u00e9neaux officiels des entrainements sont :<\/p>\n\n\n\n<ul class=\"wp-block-list\">\n<li>Mardi soir<\/li>\n\n\n\n<li>Jeudi soir<\/li>\n\n\n\n<li>Samedi matin<\/li>\n\n\n\n<li>Dimanche matin<\/li>\n<\/ul>\n\n\n\n<p>En dehors de ces cr\u00e9neaux, il est toujours possible de venir s&rsquo;entrainer en s&rsquo;organisant en amont via notre groupe Whatsapp afin de s&rsquo;entrainer \u00e0 plusieurs.<\/p>\n\n\n\n<hr class=\"wp-block-separator has-alpha-channel-opacity\"\/>\n\n\n\n<p>Le club a remport\u00e9 ces derni\u00e8res ann\u00e9es plusieurs m\u00e9dailles au niveau national, notamment dans la cat\u00e9gorie Master.<\/p>\n\n\n\n<div class=\"wp-block-group is-nowrap is-layout-flex wp-container-core-group-is-layout-ad2f72ca wp-block-group-is-layout-flex\">\n<figure class=\"wp-block-image size-large is-resized\"><img loading=\"lazy\" decoding=\"async\" width=\"1024\" height=\"768\" src=\"https:\/\/bordeaux-canoe-kayak.fr\/wp-content\/uploads\/2024\/02\/WhatsApp-Image-2023-07-13-a-16.48.22_bfe5f980-1024x768.jpg\" alt=\"\" class=\"wp-image-170\" style=\"width:443px;height:auto\" srcset=\"https:\/\/bordeaux-canoe-kayak.fr\/wp-content\/uploads\/2024\/02\/WhatsApp-Image-2023-07-13-a-16.48.22_bfe5f980-1024x768.jpg 1024w, https:\/\/bordeaux-canoe-kayak.fr\/wp-content\/uploads\/2024\/02\/WhatsApp-Image-2023-07-13-a-16.48.22_bfe5f980-300x225.jpg 300w, https:\/\/bordeaux-canoe-kayak.fr\/wp-content\/uploads\/2024\/02\/WhatsApp-Image-2023-07-13-a-16.48.22_bfe5f980-768x576.jpg 768w, https:\/\/bordeaux-canoe-kayak.fr\/wp-content\/uploads\/2024\/02\/WhatsApp-Image-2023-07-13-a-16.48.22_bfe5f980-1536x1152.jpg 1536w, https:\/\/bordeaux-canoe-kayak.fr\/wp-content\/uploads\/2024\/02\/WhatsApp-Image-2023-07-13-a-16.48.22_bfe5f980.jpg 1600w\" sizes=\"auto, (max-width: 1024px) 100vw, 1024px\" \/><\/figure>\n\n\n\n<figure class=\"wp-block-image size-full is-resized\"><img loading=\"lazy\" decoding=\"async\" width=\"600\" height=\"800\" src=\"https:\/\/bordeaux-canoe-kayak.fr\/wp-content\/uploads\/2024\/02\/IMG_20230715_183627.jpg\" alt=\"\" class=\"wp-image-171\" style=\"width:243px;height:auto\" srcset=\"https:\/\/bordeaux-canoe-kayak.fr\/wp-content\/uploads\/2024\/02\/IMG_20230715_183627.jpg 600w, https:\/\/bordeaux-canoe-kayak.fr\/wp-content\/uploads\/2024\/02\/IMG_20230715_183627-225x300.jpg 225w\" sizes=\"auto, (max-width: 600px) 100vw, 600px\" \/><\/figure>\n\n\n\n<figure class=\"wp-block-image size-full is-resized\"><img loading=\"lazy\" decoding=\"async\" width=\"960\" height=\"720\" src=\"https:\/\/bordeaux-canoe-kayak.fr\/wp-content\/uploads\/2024\/02\/FB_IMG_1689495981671.jpg\" alt=\"\" class=\"wp-image-172\" style=\"width:444px;height:auto\" srcset=\"https:\/\/bordeaux-canoe-kayak.fr\/wp-content\/uploads\/2024\/02\/FB_IMG_1689495981671.jpg 960w, https:\/\/bordeaux-canoe-kayak.fr\/wp-content\/uploads\/2024\/02\/FB_IMG_1689495981671-300x225.jpg 300w, https:\/\/bordeaux-canoe-kayak.fr\/wp-content\/uploads\/2024\/02\/FB_IMG_1689495981671-768x576.jpg 768w\" sizes=\"auto, (max-width: 960px) 100vw, 960px\" \/><\/figure>\n<\/div>\n\n\n\n<p>En Paracanoe, le club a \u00e9galement de tr\u00e8s bons r\u00e9sultats avec notamment <a href=\"https:\/\/www.instagram.com\/elea_charvet?utm_source=ig_web_button_share_sheet&amp;igsh=ZDNlZDc0MzIxNw==\">El\u00e9a Charvet<\/a> qui a int\u00e9gr\u00e9 l&rsquo;\u00e9quipe de France et qui s&rsquo;entraine sans rel\u00e2che pour aller chercher son billet pour les J.O. 2024.<\/p>\n\n\n\n<div class=\"wp-block-group is-nowrap is-layout-flex wp-container-core-group-is-layout-ad2f72ca wp-block-group-is-layout-flex\">\n<figure class=\"wp-block-image size-large is-resized\"><img loading=\"lazy\" decoding=\"async\" width=\"1024\" height=\"681\" src=\"https:\/\/bordeaux-canoe-kayak.fr\/wp-content\/uploads\/2024\/02\/elea-22-1024x681.jpg\" alt=\"\" class=\"wp-image-168\" style=\"width:587px;height:auto\" srcset=\"https:\/\/bordeaux-canoe-kayak.fr\/wp-content\/uploads\/2024\/02\/elea-22-1024x681.jpg 1024w, https:\/\/bordeaux-canoe-kayak.fr\/wp-content\/uploads\/2024\/02\/elea-22-300x199.jpg 300w, https:\/\/bordeaux-canoe-kayak.fr\/wp-content\/uploads\/2024\/02\/elea-22-768x511.jpg 768w, https:\/\/bordeaux-canoe-kayak.fr\/wp-content\/uploads\/2024\/02\/elea-22-1536x1021.jpg 1536w, https:\/\/bordeaux-canoe-kayak.fr\/wp-content\/uploads\/2024\/02\/elea-22-2048x1362.jpg 2048w\" sizes=\"auto, (max-width: 1024px) 100vw, 1024px\" \/><figcaption class=\"wp-element-caption\">cr\u00e9dit photo : Romain Bruneau \/ FFCK<\/figcaption><\/figure>\n\n\n\n<figure class=\"wp-block-image size-large is-resized\"><img loading=\"lazy\" decoding=\"async\" width=\"1024\" height=\"681\" src=\"https:\/\/bordeaux-canoe-kayak.fr\/wp-content\/uploads\/2024\/02\/elea-45-1024x681.jpg\" alt=\"\" class=\"wp-image-169\" style=\"width:589px;height:auto\" srcset=\"https:\/\/bordeaux-canoe-kayak.fr\/wp-content\/uploads\/2024\/02\/elea-45-1024x681.jpg 1024w, https:\/\/bordeaux-canoe-kayak.fr\/wp-content\/uploads\/2024\/02\/elea-45-300x199.jpg 300w, https:\/\/bordeaux-canoe-kayak.fr\/wp-content\/uploads\/2024\/02\/elea-45-768x511.jpg 768w, https:\/\/bordeaux-canoe-kayak.fr\/wp-content\/uploads\/2024\/02\/elea-45-1536x1021.jpg 1536w, https:\/\/bordeaux-canoe-kayak.fr\/wp-content\/uploads\/2024\/02\/elea-45-2048x1362.jpg 2048w\" sizes=\"auto, (max-width: 1024px) 100vw, 1024px\" \/><figcaption class=\"wp-element-caption\">cr\u00e9dit photo : Romain Bruneau \/ FFCK<\/figcaption><\/figure>\n<\/div>\n","protected":false},"excerpt":{"rendered":"<p>La section comp\u00e9tition regroupe l&rsquo;ensemble des membres du club d\u00e9sirant pousser la pratique de la discipline afin de participer aux diff\u00e9rentes comp\u00e9titions organis\u00e9es, que ce soit sur les \u00e9preuves de fond, de vitesse mais \u00e9galement de marathon. Les cr\u00e9neaux officiels des entrainements sont : En dehors de ces cr\u00e9neaux, il est toujours possible de venir [&hellip;]<\/p>\n","protected":false},"author":1,"featured_media":0,"parent":0,"menu_order":0,"comment_status":"closed","ping_status":"closed","template":"","meta":{"ocean_post_layout":"","ocean_both_sidebars_style":"","ocean_both_sidebars_content_width":0,"ocean_both_sidebars_sidebars_width":0,"ocean_sidebar":"","ocean_second_sidebar":"","ocean_disable_margins":"enable","ocean_add_body_class":"","ocean_shortcode_before_top_bar":"","ocean_shortcode_after_top_bar":"","ocean_shortcode_before_header":"","ocean_shortcode_after_header":"","ocean_has_shortcode":"","ocean_shortcode_after_title":"","ocean_shortcode_before_footer_widgets":"","ocean_shortcode_after_footer_widgets":"","ocean_shortcode_before_footer_bottom":"","ocean_shortcode_after_footer_bottom":"","ocean_display_top_bar":"default","ocean_display_header":"default","ocean_header_style":"","ocean_center_header_left_menu":"","ocean_custom_header_template":"","ocean_custom_logo":0,"ocean_custom_retina_logo":0,"ocean_custom_logo_max_width":0,"ocean_custom_logo_tablet_max_width":0,"ocean_custom_logo_mobile_max_width":0,"ocean_custom_logo_max_height":0,"ocean_custom_logo_tablet_max_height":0,"ocean_custom_logo_mobile_max_height":0,"ocean_header_custom_menu":"","ocean_menu_typo_font_family":"","ocean_menu_typo_font_subset":"","ocean_menu_typo_font_size":0,"ocean_menu_typo_font_size_tablet":0,"ocean_menu_typo_font_size_mobile":0,"ocean_menu_typo_font_size_unit":"px","ocean_menu_typo_font_weight":"","ocean_menu_typo_font_weight_tablet":"","ocean_menu_typo_font_weight_mobile":"","ocean_menu_typo_transform":"","ocean_menu_typo_transform_tablet":"","ocean_menu_typo_transform_mobile":"","ocean_menu_typo_line_height":0,"ocean_menu_typo_line_height_tablet":0,"ocean_menu_typo_line_height_mobile":0,"ocean_menu_typo_line_height_unit":"","ocean_menu_typo_spacing":0,"ocean_menu_typo_spacing_tablet":0,"ocean_menu_typo_spacing_mobile":0,"ocean_menu_typo_spacing_unit":"","ocean_menu_link_color":"","ocean_menu_link_color_hover":"","ocean_menu_link_color_active":"","ocean_menu_link_background":"","ocean_menu_link_hover_background":"","ocean_menu_link_active_background":"","ocean_menu_social_links_bg":"","ocean_menu_social_hover_links_bg":"","ocean_menu_social_links_color":"","ocean_menu_social_hover_links_color":"","ocean_disable_title":"default","ocean_disable_heading":"default","ocean_post_title":"","ocean_post_subheading":"","ocean_post_title_style":"","ocean_post_title_background_color":"","ocean_post_title_background":0,"ocean_post_title_bg_image_position":"","ocean_post_title_bg_image_attachment":"","ocean_post_title_bg_image_repeat":"","ocean_post_title_bg_image_size":"","ocean_post_title_height":0,"ocean_post_title_bg_overlay":0.5,"ocean_post_title_bg_overlay_color":"","ocean_disable_breadcrumbs":"default","ocean_breadcrumbs_color":"","ocean_breadcrumbs_separator_color":"","ocean_breadcrumbs_links_color":"","ocean_breadcrumbs_links_hover_color":"","ocean_display_footer_widgets":"default","ocean_display_footer_bottom":"default","ocean_custom_footer_template":"","footnotes":""},"class_list":["post-19","page","type-page","status-publish","hentry","entry"],"yoast_head":"<!-- This site is optimized with the Yoast SEO plugin v27.3 - https:\/\/yoast.com\/product\/yoast-seo-wordpress\/ -->\n<title>Section Comp\u00e9tition - Emulation Nautique Bordeaux - Cano\u00eb-Kayak<\/title>\n<meta name=\"robots\" content=\"index, follow, max-snippet:-1, max-image-preview:large, max-video-preview:-1\" \/>\n<link rel=\"canonical\" href=\"https:\/\/bordeaux-canoe-kayak.fr\/index.php\/section-competition\/\" \/>\n<meta property=\"og:locale\" content=\"fr_FR\" \/>\n<meta property=\"og:type\" content=\"article\" \/>\n<meta property=\"og:title\" content=\"Section Comp\u00e9tition - Emulation Nautique Bordeaux - Cano\u00eb-Kayak\" \/>\n<meta property=\"og:description\" content=\"La section comp\u00e9tition regroupe l&rsquo;ensemble des membres du club d\u00e9sirant pousser la pratique de la discipline afin de participer aux diff\u00e9rentes comp\u00e9titions organis\u00e9es, que ce soit sur les \u00e9preuves de fond, de vitesse mais \u00e9galement de marathon. Les cr\u00e9neaux officiels des entrainements sont : En dehors de ces cr\u00e9neaux, il est toujours possible de venir [&hellip;]\" \/>\n<meta property=\"og:url\" content=\"https:\/\/bordeaux-canoe-kayak.fr\/index.php\/section-competition\/\" \/>\n<meta property=\"og:site_name\" content=\"Emulation Nautique Bordeaux - Cano\u00eb-Kayak\" \/>\n<meta property=\"article:publisher\" content=\"https:\/\/www.facebook.com\/ENBCK\" \/>\n<meta property=\"article:modified_time\" content=\"2024-02-01T21:32:14+00:00\" \/>\n<meta property=\"og:image\" content=\"https:\/\/bordeaux-canoe-kayak.fr\/wp-content\/uploads\/2024\/02\/WhatsApp-Image-2023-07-13-a-16.48.22_bfe5f980-1024x768.jpg\" \/>\n<meta name=\"twitter:card\" content=\"summary_large_image\" \/>\n<meta name=\"twitter:label1\" content=\"Dur\u00e9e de lecture estim\u00e9e\" \/>\n\t<meta name=\"twitter:data1\" content=\"1 minute\" \/>\n<script type=\"application\/ld+json\" class=\"yoast-schema-graph\">{\"@context\":\"https:\\\/\\\/schema.org\",\"@graph\":[{\"@type\":\"WebPage\",\"@id\":\"https:\\\/\\\/bordeaux-canoe-kayak.fr\\\/index.php\\\/section-competition\\\/\",\"url\":\"https:\\\/\\\/bordeaux-canoe-kayak.fr\\\/index.php\\\/section-competition\\\/\",\"name\":\"Section Comp\u00e9tition - Emulation Nautique Bordeaux - Cano\u00eb-Kayak\",\"isPartOf\":{\"@id\":\"https:\\\/\\\/bordeaux-canoe-kayak.fr\\\/#website\"},\"primaryImageOfPage\":{\"@id\":\"https:\\\/\\\/bordeaux-canoe-kayak.fr\\\/index.php\\\/section-competition\\\/#primaryimage\"},\"image\":{\"@id\":\"https:\\\/\\\/bordeaux-canoe-kayak.fr\\\/index.php\\\/section-competition\\\/#primaryimage\"},\"thumbnailUrl\":\"https:\\\/\\\/bordeaux-canoe-kayak.fr\\\/wp-content\\\/uploads\\\/2024\\\/02\\\/WhatsApp-Image-2023-07-13-a-16.48.22_bfe5f980-1024x768.jpg\",\"datePublished\":\"2024-01-23T18:41:40+00:00\",\"dateModified\":\"2024-02-01T21:32:14+00:00\",\"breadcrumb\":{\"@id\":\"https:\\\/\\\/bordeaux-canoe-kayak.fr\\\/index.php\\\/section-competition\\\/#breadcrumb\"},\"inLanguage\":\"fr-FR\",\"potentialAction\":[{\"@type\":\"ReadAction\",\"target\":[\"https:\\\/\\\/bordeaux-canoe-kayak.fr\\\/index.php\\\/section-competition\\\/\"]}]},{\"@type\":\"ImageObject\",\"inLanguage\":\"fr-FR\",\"@id\":\"https:\\\/\\\/bordeaux-canoe-kayak.fr\\\/index.php\\\/section-competition\\\/#primaryimage\",\"url\":\"https:\\\/\\\/bordeaux-canoe-kayak.fr\\\/wp-content\\\/uploads\\\/2024\\\/02\\\/WhatsApp-Image-2023-07-13-a-16.48.22_bfe5f980.jpg\",\"contentUrl\":\"https:\\\/\\\/bordeaux-canoe-kayak.fr\\\/wp-content\\\/uploads\\\/2024\\\/02\\\/WhatsApp-Image-2023-07-13-a-16.48.22_bfe5f980.jpg\",\"width\":1600,\"height\":1200},{\"@type\":\"BreadcrumbList\",\"@id\":\"https:\\\/\\\/bordeaux-canoe-kayak.fr\\\/index.php\\\/section-competition\\\/#breadcrumb\",\"itemListElement\":[{\"@type\":\"ListItem\",\"position\":1,\"name\":\"Accueil\",\"item\":\"https:\\\/\\\/bordeaux-canoe-kayak.fr\\\/\"},{\"@type\":\"ListItem\",\"position\":2,\"name\":\"Section Comp\u00e9tition\"}]},{\"@type\":\"WebSite\",\"@id\":\"https:\\\/\\\/bordeaux-canoe-kayak.fr\\\/#website\",\"url\":\"https:\\\/\\\/bordeaux-canoe-kayak.fr\\\/\",\"name\":\"Emulation Nautique Bordeaux - Cano\u00eb-Kayak\",\"description\":\"\",\"publisher\":{\"@id\":\"https:\\\/\\\/bordeaux-canoe-kayak.fr\\\/#organization\"},\"alternateName\":\"Club Canoe Kayak de Bordeaux\",\"potentialAction\":[{\"@type\":\"SearchAction\",\"target\":{\"@type\":\"EntryPoint\",\"urlTemplate\":\"https:\\\/\\\/bordeaux-canoe-kayak.fr\\\/?s={search_term_string}\"},\"query-input\":{\"@type\":\"PropertyValueSpecification\",\"valueRequired\":true,\"valueName\":\"search_term_string\"}}],\"inLanguage\":\"fr-FR\"},{\"@type\":\"Organization\",\"@id\":\"https:\\\/\\\/bordeaux-canoe-kayak.fr\\\/#organization\",\"name\":\"Emulation Nautique Bordeaux - Cano\u00eb-Kayak\",\"url\":\"https:\\\/\\\/bordeaux-canoe-kayak.fr\\\/\",\"logo\":{\"@type\":\"ImageObject\",\"inLanguage\":\"fr-FR\",\"@id\":\"https:\\\/\\\/bordeaux-canoe-kayak.fr\\\/#\\\/schema\\\/logo\\\/image\\\/\",\"url\":\"https:\\\/\\\/bordeaux-canoe-kayak.fr\\\/wp-content\\\/uploads\\\/2024\\\/06\\\/cropped-logo-ENBCK_F_Bl.jpg\",\"contentUrl\":\"https:\\\/\\\/bordeaux-canoe-kayak.fr\\\/wp-content\\\/uploads\\\/2024\\\/06\\\/cropped-logo-ENBCK_F_Bl.jpg\",\"width\":1598,\"height\":533,\"caption\":\"Emulation Nautique Bordeaux - Cano\u00eb-Kayak\"},\"image\":{\"@id\":\"https:\\\/\\\/bordeaux-canoe-kayak.fr\\\/#\\\/schema\\\/logo\\\/image\\\/\"},\"sameAs\":[\"https:\\\/\\\/www.facebook.com\\\/ENBCK\",\"https:\\\/\\\/www.instagram.com\\\/enbcanoekayak\\\/\"]}]}<\/script>\n<!-- \/ Yoast SEO plugin. -->","yoast_head_json":{"title":"Section Comp\u00e9tition - Emulation Nautique Bordeaux - Cano\u00eb-Kayak","robots":{"index":"index","follow":"follow","max-snippet":"max-snippet:-1","max-image-preview":"max-image-preview:large","max-video-preview":"max-video-preview:-1"},"canonical":"https:\/\/bordeaux-canoe-kayak.fr\/index.php\/section-competition\/","og_locale":"fr_FR","og_type":"article","og_title":"Section Comp\u00e9tition - Emulation Nautique Bordeaux - Cano\u00eb-Kayak","og_description":"La section comp\u00e9tition regroupe l&rsquo;ensemble des membres du club d\u00e9sirant pousser la pratique de la discipline afin de participer aux diff\u00e9rentes comp\u00e9titions organis\u00e9es, que ce soit sur les \u00e9preuves de fond, de vitesse mais \u00e9galement de marathon. Les cr\u00e9neaux officiels des entrainements sont : En dehors de ces cr\u00e9neaux, il est toujours possible de venir [&hellip;]","og_url":"https:\/\/bordeaux-canoe-kayak.fr\/index.php\/section-competition\/","og_site_name":"Emulation Nautique Bordeaux - Cano\u00eb-Kayak","article_publisher":"https:\/\/www.facebook.com\/ENBCK","article_modified_time":"2024-02-01T21:32:14+00:00","og_image":[{"url":"https:\/\/bordeaux-canoe-kayak.fr\/wp-content\/uploads\/2024\/02\/WhatsApp-Image-2023-07-13-a-16.48.22_bfe5f980-1024x768.jpg","type":"","width":"","height":""}],"twitter_card":"summary_large_image","twitter_misc":{"Dur\u00e9e de lecture estim\u00e9e":"1 minute"},"schema":{"@context":"https:\/\/schema.org","@graph":[{"@type":"WebPage","@id":"https:\/\/bordeaux-canoe-kayak.fr\/index.php\/section-competition\/","url":"https:\/\/bordeaux-canoe-kayak.fr\/index.php\/section-competition\/","name":"Section Comp\u00e9tition - Emulation Nautique Bordeaux - Cano\u00eb-Kayak","isPartOf":{"@id":"https:\/\/bordeaux-canoe-kayak.fr\/#website"},"primaryImageOfPage":{"@id":"https:\/\/bordeaux-canoe-kayak.fr\/index.php\/section-competition\/#primaryimage"},"image":{"@id":"https:\/\/bordeaux-canoe-kayak.fr\/index.php\/section-competition\/#primaryimage"},"thumbnailUrl":"https:\/\/bordeaux-canoe-kayak.fr\/wp-content\/uploads\/2024\/02\/WhatsApp-Image-2023-07-13-a-16.48.22_bfe5f980-1024x768.jpg","datePublished":"2024-01-23T18:41:40+00:00","dateModified":"2024-02-01T21:32:14+00:00","breadcrumb":{"@id":"https:\/\/bordeaux-canoe-kayak.fr\/index.php\/section-competition\/#breadcrumb"},"inLanguage":"fr-FR","potentialAction":[{"@type":"ReadAction","target":["https:\/\/bordeaux-canoe-kayak.fr\/index.php\/section-competition\/"]}]},{"@type":"ImageObject","inLanguage":"fr-FR","@id":"https:\/\/bordeaux-canoe-kayak.fr\/index.php\/section-competition\/#primaryimage","url":"https:\/\/bordeaux-canoe-kayak.fr\/wp-content\/uploads\/2024\/02\/WhatsApp-Image-2023-07-13-a-16.48.22_bfe5f980.jpg","contentUrl":"https:\/\/bordeaux-canoe-kayak.fr\/wp-content\/uploads\/2024\/02\/WhatsApp-Image-2023-07-13-a-16.48.22_bfe5f980.jpg","width":1600,"height":1200},{"@type":"BreadcrumbList","@id":"https:\/\/bordeaux-canoe-kayak.fr\/index.php\/section-competition\/#breadcrumb","itemListElement":[{"@type":"ListItem","position":1,"name":"Accueil","item":"https:\/\/bordeaux-canoe-kayak.fr\/"},{"@type":"ListItem","position":2,"name":"Section Comp\u00e9tition"}]},{"@type":"WebSite","@id":"https:\/\/bordeaux-canoe-kayak.fr\/#website","url":"https:\/\/bordeaux-canoe-kayak.fr\/","name":"Emulation Nautique Bordeaux - Cano\u00eb-Kayak","description":"","publisher":{"@id":"https:\/\/bordeaux-canoe-kayak.fr\/#organization"},"alternateName":"Club Canoe Kayak de Bordeaux","potentialAction":[{"@type":"SearchAction","target":{"@type":"EntryPoint","urlTemplate":"https:\/\/bordeaux-canoe-kayak.fr\/?s={search_term_string}"},"query-input":{"@type":"PropertyValueSpecification","valueRequired":true,"valueName":"search_term_string"}}],"inLanguage":"fr-FR"},{"@type":"Organization","@id":"https:\/\/bordeaux-canoe-kayak.fr\/#organization","name":"Emulation Nautique Bordeaux - Cano\u00eb-Kayak","url":"https:\/\/bordeaux-canoe-kayak.fr\/","logo":{"@type":"ImageObject","inLanguage":"fr-FR","@id":"https:\/\/bordeaux-canoe-kayak.fr\/#\/schema\/logo\/image\/","url":"https:\/\/bordeaux-canoe-kayak.fr\/wp-content\/uploads\/2024\/06\/cropped-logo-ENBCK_F_Bl.jpg","contentUrl":"https:\/\/bordeaux-canoe-kayak.fr\/wp-content\/uploads\/2024\/06\/cropped-logo-ENBCK_F_Bl.jpg","width":1598,"height":533,"caption":"Emulation Nautique Bordeaux - Cano\u00eb-Kayak"},"image":{"@id":"https:\/\/bordeaux-canoe-kayak.fr\/#\/schema\/logo\/image\/"},"sameAs":["https:\/\/www.facebook.com\/ENBCK","https:\/\/www.instagram.com\/enbcanoekayak\/"]}]}},"_links":{"self":[{"href":"https:\/\/bordeaux-canoe-kayak.fr\/index.php\/wp-json\/wp\/v2\/pages\/19","targetHints":{"allow":["GET"]}}],"collection":[{"href":"https:\/\/bordeaux-canoe-kayak.fr\/index.php\/wp-json\/wp\/v2\/pages"}],"about":[{"href":"https:\/\/bordeaux-canoe-kayak.fr\/index.php\/wp-json\/wp\/v2\/types\/page"}],"author":[{"embeddable":true,"href":"https:\/\/bordeaux-canoe-kayak.fr\/index.php\/wp-json\/wp\/v2\/users\/1"}],"replies":[{"embeddable":true,"href":"https:\/\/bordeaux-canoe-kayak.fr\/index.php\/wp-json\/wp\/v2\/comments?post=19"}],"version-history":[{"count":4,"href":"https:\/\/bordeaux-canoe-kayak.fr\/index.php\/wp-json\/wp\/v2\/pages\/19\/revisions"}],"predecessor-version":[{"id":187,"href":"https:\/\/bordeaux-canoe-kayak.fr\/index.php\/wp-json\/wp\/v2\/pages\/19\/revisions\/187"}],"wp:attachment":[{"href":"https:\/\/bordeaux-canoe-kayak.fr\/index.php\/wp-json\/wp\/v2\/media?parent=19"}],"curies":[{"name":"wp","href":"https:\/\/api.w.org\/{rel}","templated":true}]}}