{"id":17,"date":"2024-01-23T19:41:40","date_gmt":"2024-01-23T18:41:40","guid":{"rendered":"https:\/\/bordeaux-canoe-kayak.fr\/?page_id=17"},"modified":"2024-01-30T22:22:05","modified_gmt":"2024-01-30T21:22:05","slug":"ecole-de-pagaie-jeunes","status":"publish","type":"page","link":"https:\/\/bordeaux-canoe-kayak.fr\/index.php\/ecole-de-pagaie-jeunes\/","title":{"rendered":"Ecole de Pagaie Jeunes"},"content":{"rendered":"\n<p>L&rsquo;Ecole de Pagaie Jeunes re\u00e7oit les enfants de 8 \u00e0 17 ans pour les accompagner dans l&rsquo;apprentissage du Cano\u00eb-Kayak. Bien que la pratique principale du club est la course en ligne, les jeunes apprennent dans le cadre de l&rsquo;Ecole de pagaie les diff\u00e9rentes disciplines du Cano\u00eb-Kayak suivantes :<\/p>\n\n\n\n<ul class=\"wp-block-list\">\n<li>La course en ligne<\/li>\n\n\n\n<li>Le slalom<\/li>\n\n\n\n<li>La descente<\/li>\n<\/ul>\n\n\n\n<p>Les diff\u00e9rents clubs de Gironde organisent, \u00e0 travers le Comit\u00e9 D\u00e9partement de Cano\u00eb-Kayak, le challenge Jeunes. Ce challenge est un ensemble de comp\u00e9titions qui se d\u00e9roule sur l&rsquo;ensemble de l&rsquo;ann\u00e9e pour les cat\u00e9gories de Poussin \u00e0 Minime. Ces rencontres permettent aux jeunes de se confronter dans les diff\u00e9rentes disciplines de leur clubs :<\/p>\n\n\n\n<ul class=\"wp-block-list\">\n<li>De la descente \u00e0 Bommes<\/li>\n\n\n\n<li>Du slalom au club du Teich<\/li>\n\n\n\n<li>De la course en ligne \u00e0 Bordeaux et Blanquefort sur des distances diff\u00e9rentes<\/li>\n\n\n\n<li>Du Kayak-Polo \u00e0 M\u00e9rignac<\/li>\n\n\n\n<li>De la Pyrogue \u00e0 Lacanau<\/li>\n\n\n\n<li>Du Wave-Ski \u00e0 Lacanau<\/li>\n<\/ul>\n\n\n\n<p>L&rsquo;objectif de l&rsquo;Ecole de Pagaie est de former les jeunes afin d&rsquo;en faire des kayakistes confirm\u00e9s, notamment, en les formant aux <strong>manoeuvres de base<\/strong> dans les diff\u00e9rentes embarcations, <strong>aux techniques de s\u00e9curit\u00e9<\/strong> et en visant au <strong>perfectionnement en course en ligne<\/strong>. L&rsquo;apprentissage est progressif et s&rsquo;adapte aux capacit\u00e9s de l&rsquo;enfant, le but \u00e9tant que chacun prenne du plaisir dans la pratique du Cano\u00eb-Kayak.<\/p>\n\n\n\n<figure class=\"wp-block-gallery has-nested-images columns-default is-cropped wp-block-gallery-1 is-layout-flex wp-block-gallery-is-layout-flex\">\n<figure class=\"wp-block-image size-large\"><img loading=\"lazy\" decoding=\"async\" width=\"1024\" height=\"1024\" data-id=\"133\" src=\"https:\/\/bordeaux-canoe-kayak.fr\/wp-content\/uploads\/2024\/01\/WhatsApp-Image-2022-10-31-a-19.44.09_3637e857-1024x1024.jpg\" alt=\"\" class=\"wp-image-133\" srcset=\"https:\/\/bordeaux-canoe-kayak.fr\/wp-content\/uploads\/2024\/01\/WhatsApp-Image-2022-10-31-a-19.44.09_3637e857-1024x1024.jpg 1024w, https:\/\/bordeaux-canoe-kayak.fr\/wp-content\/uploads\/2024\/01\/WhatsApp-Image-2022-10-31-a-19.44.09_3637e857-300x300.jpg 300w, https:\/\/bordeaux-canoe-kayak.fr\/wp-content\/uploads\/2024\/01\/WhatsApp-Image-2022-10-31-a-19.44.09_3637e857-150x150.jpg 150w, https:\/\/bordeaux-canoe-kayak.fr\/wp-content\/uploads\/2024\/01\/WhatsApp-Image-2022-10-31-a-19.44.09_3637e857-768x768.jpg 768w, https:\/\/bordeaux-canoe-kayak.fr\/wp-content\/uploads\/2024\/01\/WhatsApp-Image-2022-10-31-a-19.44.09_3637e857-1536x1536.jpg 1536w, https:\/\/bordeaux-canoe-kayak.fr\/wp-content\/uploads\/2024\/01\/WhatsApp-Image-2022-10-31-a-19.44.09_3637e857-600x600.jpg 600w, https:\/\/bordeaux-canoe-kayak.fr\/wp-content\/uploads\/2024\/01\/WhatsApp-Image-2022-10-31-a-19.44.09_3637e857.jpg 1600w\" sizes=\"auto, (max-width: 1024px) 100vw, 1024px\" \/><\/figure>\n\n\n\n<figure class=\"wp-block-image size-large\"><img loading=\"lazy\" decoding=\"async\" width=\"768\" height=\"1024\" data-id=\"134\" src=\"https:\/\/bordeaux-canoe-kayak.fr\/wp-content\/uploads\/2024\/01\/IMG-20231210-WA0014-768x1024.jpg\" alt=\"\" class=\"wp-image-134\" srcset=\"https:\/\/bordeaux-canoe-kayak.fr\/wp-content\/uploads\/2024\/01\/IMG-20231210-WA0014-768x1024.jpg 768w, https:\/\/bordeaux-canoe-kayak.fr\/wp-content\/uploads\/2024\/01\/IMG-20231210-WA0014-225x300.jpg 225w, https:\/\/bordeaux-canoe-kayak.fr\/wp-content\/uploads\/2024\/01\/IMG-20231210-WA0014-1152x1536.jpg 1152w, https:\/\/bordeaux-canoe-kayak.fr\/wp-content\/uploads\/2024\/01\/IMG-20231210-WA0014.jpg 1200w\" sizes=\"auto, (max-width: 768px) 100vw, 768px\" \/><\/figure>\n<\/figure>\n\n\n\n<h2 class=\"wp-block-heading\">Venez essayer<\/h2>\n\n\n\n<p>Des portes ouvertes sont organis\u00e9es tous les ans en septembre, c&rsquo;est l&rsquo;occasion id\u00e9ale pour venir faire un premier essai et rejoindre le groupe. Il est possible de rejoindre l&rsquo;Ecole de pagaie en cours d&rsquo;ann\u00e9e selon les facilit\u00e9s de l&rsquo;enfant dans l&rsquo;apprentissage du Cano\u00eb-Kayak afin de r\u00e9ussir \u00e0 int\u00e9grer l&rsquo;Ecole de Pagaie.<\/p>\n\n\n\n<p>Les pr\u00e9-requis pour venir essayer :<\/p>\n\n\n\n<ul class=\"wp-block-list\">\n<li>Attestation d\u2019aisance aquatique (obligatoire)<\/li>\n\n\n\n<li>Une tenue qui ne craint pas l&rsquo;eau<\/li>\n\n\n\n<li>Des chaussures ferm\u00e9es (chaussons n\u00e9oprenes, anciennes baskets, ballerines, \u2026)<\/li>\n<\/ul>\n\n\n\n<p>Venez nous rencontrer le mercredi ou le samedi \u00e0 14h00.<\/p>\n\n\n\n<div class=\"wp-block-buttons is-layout-flex wp-block-buttons-is-layout-flex\">\n<div class=\"wp-block-button\"><a class=\"wp-block-button__link wp-element-button\" href=\"https:\/\/bordeaux-canoe-kayak.fr\/index.php\/contact\/\">Pour nous rejoindre<\/a><\/div>\n<\/div>\n","protected":false},"excerpt":{"rendered":"<p>L&rsquo;Ecole de Pagaie Jeunes re\u00e7oit les enfants de 8 \u00e0 17 ans pour les accompagner dans l&rsquo;apprentissage du Cano\u00eb-Kayak. Bien que la pratique principale du club est la course en ligne, les jeunes apprennent dans le cadre de l&rsquo;Ecole de pagaie les diff\u00e9rentes disciplines du Cano\u00eb-Kayak suivantes : Les diff\u00e9rents clubs de Gironde organisent, \u00e0 [&hellip;]<\/p>\n","protected":false},"author":1,"featured_media":0,"parent":0,"menu_order":0,"comment_status":"closed","ping_status":"closed","template":"","meta":{"ocean_post_layout":"","ocean_both_sidebars_style":"","ocean_both_sidebars_content_width":0,"ocean_both_sidebars_sidebars_width":0,"ocean_sidebar":"","ocean_second_sidebar":"","ocean_disable_margins":"enable","ocean_add_body_class":"","ocean_shortcode_before_top_bar":"","ocean_shortcode_after_top_bar":"","ocean_shortcode_before_header":"","ocean_shortcode_after_header":"","ocean_has_shortcode":"","ocean_shortcode_after_title":"","ocean_shortcode_before_footer_widgets":"","ocean_shortcode_after_footer_widgets":"","ocean_shortcode_before_footer_bottom":"","ocean_shortcode_after_footer_bottom":"","ocean_display_top_bar":"default","ocean_display_header":"default","ocean_header_style":"","ocean_center_header_left_menu":"","ocean_custom_header_template":"","ocean_custom_logo":0,"ocean_custom_retina_logo":0,"ocean_custom_logo_max_width":0,"ocean_custom_logo_tablet_max_width":0,"ocean_custom_logo_mobile_max_width":0,"ocean_custom_logo_max_height":0,"ocean_custom_logo_tablet_max_height":0,"ocean_custom_logo_mobile_max_height":0,"ocean_header_custom_menu":"","ocean_menu_typo_font_family":"","ocean_menu_typo_font_subset":"","ocean_menu_typo_font_size":0,"ocean_menu_typo_font_size_tablet":0,"ocean_menu_typo_font_size_mobile":0,"ocean_menu_typo_font_size_unit":"px","ocean_menu_typo_font_weight":"","ocean_menu_typo_font_weight_tablet":"","ocean_menu_typo_font_weight_mobile":"","ocean_menu_typo_transform":"","ocean_menu_typo_transform_tablet":"","ocean_menu_typo_transform_mobile":"","ocean_menu_typo_line_height":0,"ocean_menu_typo_line_height_tablet":0,"ocean_menu_typo_line_height_mobile":0,"ocean_menu_typo_line_height_unit":"","ocean_menu_typo_spacing":0,"ocean_menu_typo_spacing_tablet":0,"ocean_menu_typo_spacing_mobile":0,"ocean_menu_typo_spacing_unit":"","ocean_menu_link_color":"","ocean_menu_link_color_hover":"","ocean_menu_link_color_active":"","ocean_menu_link_background":"","ocean_menu_link_hover_background":"","ocean_menu_link_active_background":"","ocean_menu_social_links_bg":"","ocean_menu_social_hover_links_bg":"","ocean_menu_social_links_color":"","ocean_menu_social_hover_links_color":"","ocean_disable_title":"default","ocean_disable_heading":"default","ocean_post_title":"","ocean_post_subheading":"","ocean_post_title_style":"","ocean_post_title_background_color":"","ocean_post_title_background":0,"ocean_post_title_bg_image_position":"","ocean_post_title_bg_image_attachment":"","ocean_post_title_bg_image_repeat":"","ocean_post_title_bg_image_size":"","ocean_post_title_height":0,"ocean_post_title_bg_overlay":0.5,"ocean_post_title_bg_overlay_color":"","ocean_disable_breadcrumbs":"default","ocean_breadcrumbs_color":"","ocean_breadcrumbs_separator_color":"","ocean_breadcrumbs_links_color":"","ocean_breadcrumbs_links_hover_color":"","ocean_display_footer_widgets":"default","ocean_display_footer_bottom":"default","ocean_custom_footer_template":"","footnotes":""},"class_list":["post-17","page","type-page","status-publish","hentry","entry"],"yoast_head":"<!-- This site is optimized with the Yoast SEO plugin v27.3 - https:\/\/yoast.com\/product\/yoast-seo-wordpress\/ -->\n<title>Ecole de Pagaie Jeunes - Emulation Nautique Bordeaux - Cano\u00eb-Kayak<\/title>\n<meta name=\"robots\" content=\"index, follow, max-snippet:-1, max-image-preview:large, max-video-preview:-1\" \/>\n<link rel=\"canonical\" href=\"https:\/\/bordeaux-canoe-kayak.fr\/index.php\/ecole-de-pagaie-jeunes\/\" \/>\n<meta property=\"og:locale\" content=\"fr_FR\" \/>\n<meta property=\"og:type\" content=\"article\" \/>\n<meta property=\"og:title\" content=\"Ecole de Pagaie Jeunes - Emulation Nautique Bordeaux - Cano\u00eb-Kayak\" \/>\n<meta property=\"og:description\" content=\"L&rsquo;Ecole de Pagaie Jeunes re\u00e7oit les enfants de 8 \u00e0 17 ans pour les accompagner dans l&rsquo;apprentissage du Cano\u00eb-Kayak. Bien que la pratique principale du club est la course en ligne, les jeunes apprennent dans le cadre de l&rsquo;Ecole de pagaie les diff\u00e9rentes disciplines du Cano\u00eb-Kayak suivantes : Les diff\u00e9rents clubs de Gironde organisent, \u00e0 [&hellip;]\" \/>\n<meta property=\"og:url\" content=\"https:\/\/bordeaux-canoe-kayak.fr\/index.php\/ecole-de-pagaie-jeunes\/\" \/>\n<meta property=\"og:site_name\" content=\"Emulation Nautique Bordeaux - Cano\u00eb-Kayak\" \/>\n<meta property=\"article:publisher\" content=\"https:\/\/www.facebook.com\/ENBCK\" \/>\n<meta property=\"article:modified_time\" content=\"2024-01-30T21:22:05+00:00\" \/>\n<meta property=\"og:image\" content=\"https:\/\/bordeaux-canoe-kayak.fr\/wp-content\/uploads\/2024\/01\/WhatsApp-Image-2022-10-31-a-19.44.09_3637e857-1024x1024.jpg\" \/>\n<meta name=\"twitter:card\" content=\"summary_large_image\" \/>\n<meta name=\"twitter:label1\" content=\"Dur\u00e9e de lecture estim\u00e9e\" \/>\n\t<meta name=\"twitter:data1\" content=\"2 minutes\" \/>\n<script type=\"application\/ld+json\" class=\"yoast-schema-graph\">{\"@context\":\"https:\\\/\\\/schema.org\",\"@graph\":[{\"@type\":\"WebPage\",\"@id\":\"https:\\\/\\\/bordeaux-canoe-kayak.fr\\\/index.php\\\/ecole-de-pagaie-jeunes\\\/\",\"url\":\"https:\\\/\\\/bordeaux-canoe-kayak.fr\\\/index.php\\\/ecole-de-pagaie-jeunes\\\/\",\"name\":\"Ecole de Pagaie Jeunes - Emulation Nautique Bordeaux - Cano\u00eb-Kayak\",\"isPartOf\":{\"@id\":\"https:\\\/\\\/bordeaux-canoe-kayak.fr\\\/#website\"},\"primaryImageOfPage\":{\"@id\":\"https:\\\/\\\/bordeaux-canoe-kayak.fr\\\/index.php\\\/ecole-de-pagaie-jeunes\\\/#primaryimage\"},\"image\":{\"@id\":\"https:\\\/\\\/bordeaux-canoe-kayak.fr\\\/index.php\\\/ecole-de-pagaie-jeunes\\\/#primaryimage\"},\"thumbnailUrl\":\"https:\\\/\\\/bordeaux-canoe-kayak.fr\\\/wp-content\\\/uploads\\\/2024\\\/01\\\/WhatsApp-Image-2022-10-31-a-19.44.09_3637e857-1024x1024.jpg\",\"datePublished\":\"2024-01-23T18:41:40+00:00\",\"dateModified\":\"2024-01-30T21:22:05+00:00\",\"breadcrumb\":{\"@id\":\"https:\\\/\\\/bordeaux-canoe-kayak.fr\\\/index.php\\\/ecole-de-pagaie-jeunes\\\/#breadcrumb\"},\"inLanguage\":\"fr-FR\",\"potentialAction\":[{\"@type\":\"ReadAction\",\"target\":[\"https:\\\/\\\/bordeaux-canoe-kayak.fr\\\/index.php\\\/ecole-de-pagaie-jeunes\\\/\"]}]},{\"@type\":\"ImageObject\",\"inLanguage\":\"fr-FR\",\"@id\":\"https:\\\/\\\/bordeaux-canoe-kayak.fr\\\/index.php\\\/ecole-de-pagaie-jeunes\\\/#primaryimage\",\"url\":\"https:\\\/\\\/bordeaux-canoe-kayak.fr\\\/wp-content\\\/uploads\\\/2024\\\/01\\\/WhatsApp-Image-2022-10-31-a-19.44.09_3637e857.jpg\",\"contentUrl\":\"https:\\\/\\\/bordeaux-canoe-kayak.fr\\\/wp-content\\\/uploads\\\/2024\\\/01\\\/WhatsApp-Image-2022-10-31-a-19.44.09_3637e857.jpg\",\"width\":1600,\"height\":1600},{\"@type\":\"BreadcrumbList\",\"@id\":\"https:\\\/\\\/bordeaux-canoe-kayak.fr\\\/index.php\\\/ecole-de-pagaie-jeunes\\\/#breadcrumb\",\"itemListElement\":[{\"@type\":\"ListItem\",\"position\":1,\"name\":\"Accueil\",\"item\":\"https:\\\/\\\/bordeaux-canoe-kayak.fr\\\/\"},{\"@type\":\"ListItem\",\"position\":2,\"name\":\"Ecole de Pagaie Jeunes\"}]},{\"@type\":\"WebSite\",\"@id\":\"https:\\\/\\\/bordeaux-canoe-kayak.fr\\\/#website\",\"url\":\"https:\\\/\\\/bordeaux-canoe-kayak.fr\\\/\",\"name\":\"Emulation Nautique Bordeaux - Cano\u00eb-Kayak\",\"description\":\"\",\"publisher\":{\"@id\":\"https:\\\/\\\/bordeaux-canoe-kayak.fr\\\/#organization\"},\"alternateName\":\"Club Canoe Kayak de Bordeaux\",\"potentialAction\":[{\"@type\":\"SearchAction\",\"target\":{\"@type\":\"EntryPoint\",\"urlTemplate\":\"https:\\\/\\\/bordeaux-canoe-kayak.fr\\\/?s={search_term_string}\"},\"query-input\":{\"@type\":\"PropertyValueSpecification\",\"valueRequired\":true,\"valueName\":\"search_term_string\"}}],\"inLanguage\":\"fr-FR\"},{\"@type\":\"Organization\",\"@id\":\"https:\\\/\\\/bordeaux-canoe-kayak.fr\\\/#organization\",\"name\":\"Emulation Nautique Bordeaux - Cano\u00eb-Kayak\",\"url\":\"https:\\\/\\\/bordeaux-canoe-kayak.fr\\\/\",\"logo\":{\"@type\":\"ImageObject\",\"inLanguage\":\"fr-FR\",\"@id\":\"https:\\\/\\\/bordeaux-canoe-kayak.fr\\\/#\\\/schema\\\/logo\\\/image\\\/\",\"url\":\"https:\\\/\\\/bordeaux-canoe-kayak.fr\\\/wp-content\\\/uploads\\\/2024\\\/06\\\/cropped-logo-ENBCK_F_Bl.jpg\",\"contentUrl\":\"https:\\\/\\\/bordeaux-canoe-kayak.fr\\\/wp-content\\\/uploads\\\/2024\\\/06\\\/cropped-logo-ENBCK_F_Bl.jpg\",\"width\":1598,\"height\":533,\"caption\":\"Emulation Nautique Bordeaux - Cano\u00eb-Kayak\"},\"image\":{\"@id\":\"https:\\\/\\\/bordeaux-canoe-kayak.fr\\\/#\\\/schema\\\/logo\\\/image\\\/\"},\"sameAs\":[\"https:\\\/\\\/www.facebook.com\\\/ENBCK\",\"https:\\\/\\\/www.instagram.com\\\/enbcanoekayak\\\/\"]}]}<\/script>\n<!-- \/ Yoast SEO plugin. -->","yoast_head_json":{"title":"Ecole de Pagaie Jeunes - Emulation Nautique Bordeaux - Cano\u00eb-Kayak","robots":{"index":"index","follow":"follow","max-snippet":"max-snippet:-1","max-image-preview":"max-image-preview:large","max-video-preview":"max-video-preview:-1"},"canonical":"https:\/\/bordeaux-canoe-kayak.fr\/index.php\/ecole-de-pagaie-jeunes\/","og_locale":"fr_FR","og_type":"article","og_title":"Ecole de Pagaie Jeunes - Emulation Nautique Bordeaux - Cano\u00eb-Kayak","og_description":"L&rsquo;Ecole de Pagaie Jeunes re\u00e7oit les enfants de 8 \u00e0 17 ans pour les accompagner dans l&rsquo;apprentissage du Cano\u00eb-Kayak. Bien que la pratique principale du club est la course en ligne, les jeunes apprennent dans le cadre de l&rsquo;Ecole de pagaie les diff\u00e9rentes disciplines du Cano\u00eb-Kayak suivantes : Les diff\u00e9rents clubs de Gironde organisent, \u00e0 [&hellip;]","og_url":"https:\/\/bordeaux-canoe-kayak.fr\/index.php\/ecole-de-pagaie-jeunes\/","og_site_name":"Emulation Nautique Bordeaux - Cano\u00eb-Kayak","article_publisher":"https:\/\/www.facebook.com\/ENBCK","article_modified_time":"2024-01-30T21:22:05+00:00","og_image":[{"url":"https:\/\/bordeaux-canoe-kayak.fr\/wp-content\/uploads\/2024\/01\/WhatsApp-Image-2022-10-31-a-19.44.09_3637e857-1024x1024.jpg","type":"","width":"","height":""}],"twitter_card":"summary_large_image","twitter_misc":{"Dur\u00e9e de lecture estim\u00e9e":"2 minutes"},"schema":{"@context":"https:\/\/schema.org","@graph":[{"@type":"WebPage","@id":"https:\/\/bordeaux-canoe-kayak.fr\/index.php\/ecole-de-pagaie-jeunes\/","url":"https:\/\/bordeaux-canoe-kayak.fr\/index.php\/ecole-de-pagaie-jeunes\/","name":"Ecole de Pagaie Jeunes - Emulation Nautique Bordeaux - Cano\u00eb-Kayak","isPartOf":{"@id":"https:\/\/bordeaux-canoe-kayak.fr\/#website"},"primaryImageOfPage":{"@id":"https:\/\/bordeaux-canoe-kayak.fr\/index.php\/ecole-de-pagaie-jeunes\/#primaryimage"},"image":{"@id":"https:\/\/bordeaux-canoe-kayak.fr\/index.php\/ecole-de-pagaie-jeunes\/#primaryimage"},"thumbnailUrl":"https:\/\/bordeaux-canoe-kayak.fr\/wp-content\/uploads\/2024\/01\/WhatsApp-Image-2022-10-31-a-19.44.09_3637e857-1024x1024.jpg","datePublished":"2024-01-23T18:41:40+00:00","dateModified":"2024-01-30T21:22:05+00:00","breadcrumb":{"@id":"https:\/\/bordeaux-canoe-kayak.fr\/index.php\/ecole-de-pagaie-jeunes\/#breadcrumb"},"inLanguage":"fr-FR","potentialAction":[{"@type":"ReadAction","target":["https:\/\/bordeaux-canoe-kayak.fr\/index.php\/ecole-de-pagaie-jeunes\/"]}]},{"@type":"ImageObject","inLanguage":"fr-FR","@id":"https:\/\/bordeaux-canoe-kayak.fr\/index.php\/ecole-de-pagaie-jeunes\/#primaryimage","url":"https:\/\/bordeaux-canoe-kayak.fr\/wp-content\/uploads\/2024\/01\/WhatsApp-Image-2022-10-31-a-19.44.09_3637e857.jpg","contentUrl":"https:\/\/bordeaux-canoe-kayak.fr\/wp-content\/uploads\/2024\/01\/WhatsApp-Image-2022-10-31-a-19.44.09_3637e857.jpg","width":1600,"height":1600},{"@type":"BreadcrumbList","@id":"https:\/\/bordeaux-canoe-kayak.fr\/index.php\/ecole-de-pagaie-jeunes\/#breadcrumb","itemListElement":[{"@type":"ListItem","position":1,"name":"Accueil","item":"https:\/\/bordeaux-canoe-kayak.fr\/"},{"@type":"ListItem","position":2,"name":"Ecole de Pagaie Jeunes"}]},{"@type":"WebSite","@id":"https:\/\/bordeaux-canoe-kayak.fr\/#website","url":"https:\/\/bordeaux-canoe-kayak.fr\/","name":"Emulation Nautique Bordeaux - Cano\u00eb-Kayak","description":"","publisher":{"@id":"https:\/\/bordeaux-canoe-kayak.fr\/#organization"},"alternateName":"Club Canoe Kayak de Bordeaux","potentialAction":[{"@type":"SearchAction","target":{"@type":"EntryPoint","urlTemplate":"https:\/\/bordeaux-canoe-kayak.fr\/?s={search_term_string}"},"query-input":{"@type":"PropertyValueSpecification","valueRequired":true,"valueName":"search_term_string"}}],"inLanguage":"fr-FR"},{"@type":"Organization","@id":"https:\/\/bordeaux-canoe-kayak.fr\/#organization","name":"Emulation Nautique Bordeaux - Cano\u00eb-Kayak","url":"https:\/\/bordeaux-canoe-kayak.fr\/","logo":{"@type":"ImageObject","inLanguage":"fr-FR","@id":"https:\/\/bordeaux-canoe-kayak.fr\/#\/schema\/logo\/image\/","url":"https:\/\/bordeaux-canoe-kayak.fr\/wp-content\/uploads\/2024\/06\/cropped-logo-ENBCK_F_Bl.jpg","contentUrl":"https:\/\/bordeaux-canoe-kayak.fr\/wp-content\/uploads\/2024\/06\/cropped-logo-ENBCK_F_Bl.jpg","width":1598,"height":533,"caption":"Emulation Nautique Bordeaux - Cano\u00eb-Kayak"},"image":{"@id":"https:\/\/bordeaux-canoe-kayak.fr\/#\/schema\/logo\/image\/"},"sameAs":["https:\/\/www.facebook.com\/ENBCK","https:\/\/www.instagram.com\/enbcanoekayak\/"]}]}},"_links":{"self":[{"href":"https:\/\/bordeaux-canoe-kayak.fr\/index.php\/wp-json\/wp\/v2\/pages\/17","targetHints":{"allow":["GET"]}}],"collection":[{"href":"https:\/\/bordeaux-canoe-kayak.fr\/index.php\/wp-json\/wp\/v2\/pages"}],"about":[{"href":"https:\/\/bordeaux-canoe-kayak.fr\/index.php\/wp-json\/wp\/v2\/types\/page"}],"author":[{"embeddable":true,"href":"https:\/\/bordeaux-canoe-kayak.fr\/index.php\/wp-json\/wp\/v2\/users\/1"}],"replies":[{"embeddable":true,"href":"https:\/\/bordeaux-canoe-kayak.fr\/index.php\/wp-json\/wp\/v2\/comments?post=17"}],"version-history":[{"count":5,"href":"https:\/\/bordeaux-canoe-kayak.fr\/index.php\/wp-json\/wp\/v2\/pages\/17\/revisions"}],"predecessor-version":[{"id":135,"href":"https:\/\/bordeaux-canoe-kayak.fr\/index.php\/wp-json\/wp\/v2\/pages\/17\/revisions\/135"}],"wp:attachment":[{"href":"https:\/\/bordeaux-canoe-kayak.fr\/index.php\/wp-json\/wp\/v2\/media?parent=17"}],"curies":[{"name":"wp","href":"https:\/\/api.w.org\/{rel}","templated":true}]}}