{"id":12,"date":"2024-01-23T19:41:39","date_gmt":"2024-01-23T18:41:39","guid":{"rendered":"https:\/\/bordeaux-canoe-kayak.fr\/?page_id=12"},"modified":"2024-01-30T22:07:00","modified_gmt":"2024-01-30T21:07:00","slug":"course-en-ligne","status":"publish","type":"page","link":"https:\/\/bordeaux-canoe-kayak.fr\/index.php\/course-en-ligne\/","title":{"rendered":"Course en ligne"},"content":{"rendered":"\n<p><\/p>\n\n\n\n<div class=\"wp-block-group is-nowrap is-layout-flex wp-container-core-group-is-layout-ad2f72ca wp-block-group-is-layout-flex\">\n<p>La course en ligne en Cano\u00eb-Kayak se pratique sur un plan d&rsquo;eau calme, comme un lac, un bassin am\u00e9nag\u00e9, une retenue d&rsquo;un fleuve&#8230; A Bordeaux,, nous avons la chance d&rsquo;avoir un tr\u00e8s beau lac pour pratiquer.<\/p>\n\n\n\n<figure class=\"wp-block-image size-large\"><img loading=\"lazy\" decoding=\"async\" width=\"1024\" height=\"768\" src=\"https:\/\/bordeaux-canoe-kayak.fr\/wp-content\/uploads\/2024\/01\/img-1988-1024x768.jpg\" alt=\"\" class=\"wp-image-128\" srcset=\"https:\/\/bordeaux-canoe-kayak.fr\/wp-content\/uploads\/2024\/01\/img-1988-1024x768.jpg 1024w, https:\/\/bordeaux-canoe-kayak.fr\/wp-content\/uploads\/2024\/01\/img-1988-300x225.jpg 300w, https:\/\/bordeaux-canoe-kayak.fr\/wp-content\/uploads\/2024\/01\/img-1988-768x576.jpg 768w, https:\/\/bordeaux-canoe-kayak.fr\/wp-content\/uploads\/2024\/01\/img-1988-1536x1152.jpg 1536w, https:\/\/bordeaux-canoe-kayak.fr\/wp-content\/uploads\/2024\/01\/img-1988.jpg 1600w\" sizes=\"auto, (max-width: 1024px) 100vw, 1024px\" \/><\/figure>\n<\/div>\n\n\n\n<p><strong>Les types diff\u00e9rents types de course :<\/strong><\/p>\n\n\n\n<ul class=\"wp-block-list\">\n<li><strong>Les courses de vitesse :<\/strong> elles ont pour distance 200m, 500m et 1000m. C&rsquo;est la seule discipline Olympique. Les concurrents s&rsquo;alignent sur une m\u00eame ligne et chacun dans son couloir. Le but est simple : Franchir la ligne d&rsquo;arriv\u00e9e en premier.<\/li>\n\n\n\n<li><strong>Les courses de fond : <\/strong>ces courses font 5000m et demandent donc aux comp\u00e9titeurs davantage d&rsquo;endurance. Le d\u00e9part est un d\u00e9part group\u00e9, tout le monde devant s&rsquo;aligner sur une ligne. Le parcours est constitu\u00e9 de plusieurs boucles et il est alors important de savoir g\u00e9rer la prise de vague et n\u00e9gocier correctement les virages face aux concurrents.<\/li>\n\n\n\n<li><strong>Les courses de marathon<\/strong> : ces courses font entre 20 et 50 km, et, par rapport aux courses de fond, il est n\u00e9cessaire de r\u00e9aliser diff\u00e9rents portage sur le parcours, c&rsquo;est \u00e0 dire une sortie de l&rsquo;eau avec l&#8217;embarcation.<\/li>\n\n\n\n<li><strong>Les short race<\/strong> : ce type de course, arriv\u00e9 r\u00e9cemment, est un m\u00e9lange entre les courses de fond et de marathon. C&rsquo;est \u00e0 dire que la distance est plus courte que sur du marathon et on conserve les portages.<\/li>\n<\/ul>\n\n\n\n<p><strong>L&rsquo;\u00e9quipement :<\/strong><\/p>\n\n\n\n<p>Les Cano\u00ebs et Kayaks de course en ligne sont profil\u00e9s et tr\u00e8s instables afin de maximiser la glisse du bateau. Les constructions sont souvent r\u00e9alis\u00e9s en fibre de carbone afin d&rsquo;optimiser le poids pour \u00eatre aussi proche que possible du poids r\u00e9glementaire.<\/p>\n\n\n\n<p>Concernant les pagaies, les kayakistes utilisent des pagaies doubles qui sont des pagaies creuses alors que les c\u00e9istes utilise des pagaies simples.<\/p>\n\n\n\n<p><strong>L&rsquo;\u00e9quipage :<\/strong><\/p>\n\n\n\n<p>Le Cano\u00eb-Kayak n&rsquo;est pas qu&rsquo;un sport individuel, il peut \u00e9galement \u00eatre pratiqu\u00e9 \u00e0 plusieurs dans des embarcations de 2 ou 4 places, on parle alors pour le Kayak de K2 ou K4 et pour le Cano\u00eb de C2 ou C4.<\/p>\n\n\n\n<div class=\"wp-block-group is-nowrap is-layout-flex wp-container-core-group-is-layout-ad2f72ca wp-block-group-is-layout-flex\">\n<figure class=\"wp-block-image size-large is-resized\"><img loading=\"lazy\" decoding=\"async\" width=\"1024\" height=\"683\" src=\"https:\/\/bordeaux-canoe-kayak.fr\/wp-content\/uploads\/2024\/01\/1-1024x683.jpg\" alt=\"\" class=\"wp-image-127\" style=\"width:485px;height:auto\" srcset=\"https:\/\/bordeaux-canoe-kayak.fr\/wp-content\/uploads\/2024\/01\/1-1024x683.jpg 1024w, https:\/\/bordeaux-canoe-kayak.fr\/wp-content\/uploads\/2024\/01\/1-300x200.jpg 300w, https:\/\/bordeaux-canoe-kayak.fr\/wp-content\/uploads\/2024\/01\/1-768x512.jpg 768w, https:\/\/bordeaux-canoe-kayak.fr\/wp-content\/uploads\/2024\/01\/1.jpg 1439w\" sizes=\"auto, (max-width: 1024px) 100vw, 1024px\" \/><\/figure>\n\n\n\n<figure class=\"wp-block-image size-large is-resized\"><img loading=\"lazy\" decoding=\"async\" width=\"1024\" height=\"768\" src=\"https:\/\/bordeaux-canoe-kayak.fr\/wp-content\/uploads\/2024\/01\/marathon_dordogneK2-1024x768.jpg\" alt=\"\" class=\"wp-image-129\" style=\"width:441px;height:auto\" srcset=\"https:\/\/bordeaux-canoe-kayak.fr\/wp-content\/uploads\/2024\/01\/marathon_dordogneK2-1024x768.jpg 1024w, https:\/\/bordeaux-canoe-kayak.fr\/wp-content\/uploads\/2024\/01\/marathon_dordogneK2-300x225.jpg 300w, https:\/\/bordeaux-canoe-kayak.fr\/wp-content\/uploads\/2024\/01\/marathon_dordogneK2-768x576.jpg 768w, https:\/\/bordeaux-canoe-kayak.fr\/wp-content\/uploads\/2024\/01\/marathon_dordogneK2-1536x1152.jpg 1536w, https:\/\/bordeaux-canoe-kayak.fr\/wp-content\/uploads\/2024\/01\/marathon_dordogneK2.jpg 2048w\" sizes=\"auto, (max-width: 1024px) 100vw, 1024px\" \/><\/figure>\n<\/div>\n","protected":false},"excerpt":{"rendered":"<p>La course en ligne en Cano\u00eb-Kayak se pratique sur un plan d&rsquo;eau calme, comme un lac, un bassin am\u00e9nag\u00e9, une retenue d&rsquo;un fleuve&#8230; A Bordeaux,, nous avons la chance d&rsquo;avoir un tr\u00e8s beau lac pour pratiquer. Les types diff\u00e9rents types de course : L&rsquo;\u00e9quipement : Les Cano\u00ebs et Kayaks de course en ligne sont profil\u00e9s [&hellip;]<\/p>\n","protected":false},"author":1,"featured_media":0,"parent":0,"menu_order":0,"comment_status":"closed","ping_status":"closed","template":"","meta":{"ocean_post_layout":"","ocean_both_sidebars_style":"","ocean_both_sidebars_content_width":0,"ocean_both_sidebars_sidebars_width":0,"ocean_sidebar":"","ocean_second_sidebar":"","ocean_disable_margins":"enable","ocean_add_body_class":"","ocean_shortcode_before_top_bar":"","ocean_shortcode_after_top_bar":"","ocean_shortcode_before_header":"","ocean_shortcode_after_header":"","ocean_has_shortcode":"","ocean_shortcode_after_title":"","ocean_shortcode_before_footer_widgets":"","ocean_shortcode_after_footer_widgets":"","ocean_shortcode_before_footer_bottom":"","ocean_shortcode_after_footer_bottom":"","ocean_display_top_bar":"default","ocean_display_header":"default","ocean_header_style":"","ocean_center_header_left_menu":"","ocean_custom_header_template":"","ocean_custom_logo":0,"ocean_custom_retina_logo":0,"ocean_custom_logo_max_width":0,"ocean_custom_logo_tablet_max_width":0,"ocean_custom_logo_mobile_max_width":0,"ocean_custom_logo_max_height":0,"ocean_custom_logo_tablet_max_height":0,"ocean_custom_logo_mobile_max_height":0,"ocean_header_custom_menu":"","ocean_menu_typo_font_family":"","ocean_menu_typo_font_subset":"","ocean_menu_typo_font_size":0,"ocean_menu_typo_font_size_tablet":0,"ocean_menu_typo_font_size_mobile":0,"ocean_menu_typo_font_size_unit":"px","ocean_menu_typo_font_weight":"","ocean_menu_typo_font_weight_tablet":"","ocean_menu_typo_font_weight_mobile":"","ocean_menu_typo_transform":"","ocean_menu_typo_transform_tablet":"","ocean_menu_typo_transform_mobile":"","ocean_menu_typo_line_height":0,"ocean_menu_typo_line_height_tablet":0,"ocean_menu_typo_line_height_mobile":0,"ocean_menu_typo_line_height_unit":"","ocean_menu_typo_spacing":0,"ocean_menu_typo_spacing_tablet":0,"ocean_menu_typo_spacing_mobile":0,"ocean_menu_typo_spacing_unit":"","ocean_menu_link_color":"","ocean_menu_link_color_hover":"","ocean_menu_link_color_active":"","ocean_menu_link_background":"","ocean_menu_link_hover_background":"","ocean_menu_link_active_background":"","ocean_menu_social_links_bg":"","ocean_menu_social_hover_links_bg":"","ocean_menu_social_links_color":"","ocean_menu_social_hover_links_color":"","ocean_disable_title":"default","ocean_disable_heading":"default","ocean_post_title":"","ocean_post_subheading":"","ocean_post_title_style":"","ocean_post_title_background_color":"","ocean_post_title_background":0,"ocean_post_title_bg_image_position":"","ocean_post_title_bg_image_attachment":"","ocean_post_title_bg_image_repeat":"","ocean_post_title_bg_image_size":"","ocean_post_title_height":0,"ocean_post_title_bg_overlay":0.5,"ocean_post_title_bg_overlay_color":"","ocean_disable_breadcrumbs":"default","ocean_breadcrumbs_color":"","ocean_breadcrumbs_separator_color":"","ocean_breadcrumbs_links_color":"","ocean_breadcrumbs_links_hover_color":"","ocean_display_footer_widgets":"default","ocean_display_footer_bottom":"default","ocean_custom_footer_template":"","footnotes":""},"class_list":["post-12","page","type-page","status-publish","hentry","entry"],"yoast_head":"<!-- This site is optimized with the Yoast SEO plugin v27.3 - https:\/\/yoast.com\/product\/yoast-seo-wordpress\/ -->\n<title>Course en ligne - Emulation Nautique Bordeaux - Cano\u00eb-Kayak<\/title>\n<meta name=\"robots\" content=\"index, follow, max-snippet:-1, max-image-preview:large, max-video-preview:-1\" \/>\n<link rel=\"canonical\" href=\"https:\/\/bordeaux-canoe-kayak.fr\/index.php\/course-en-ligne\/\" \/>\n<meta property=\"og:locale\" content=\"fr_FR\" \/>\n<meta property=\"og:type\" content=\"article\" \/>\n<meta property=\"og:title\" content=\"Course en ligne - Emulation Nautique Bordeaux - Cano\u00eb-Kayak\" \/>\n<meta property=\"og:description\" content=\"La course en ligne en Cano\u00eb-Kayak se pratique sur un plan d&rsquo;eau calme, comme un lac, un bassin am\u00e9nag\u00e9, une retenue d&rsquo;un fleuve&#8230; A Bordeaux,, nous avons la chance d&rsquo;avoir un tr\u00e8s beau lac pour pratiquer. Les types diff\u00e9rents types de course : L&rsquo;\u00e9quipement : Les Cano\u00ebs et Kayaks de course en ligne sont profil\u00e9s [&hellip;]\" \/>\n<meta property=\"og:url\" content=\"https:\/\/bordeaux-canoe-kayak.fr\/index.php\/course-en-ligne\/\" \/>\n<meta property=\"og:site_name\" content=\"Emulation Nautique Bordeaux - Cano\u00eb-Kayak\" \/>\n<meta property=\"article:publisher\" content=\"https:\/\/www.facebook.com\/ENBCK\" \/>\n<meta property=\"article:modified_time\" content=\"2024-01-30T21:07:00+00:00\" \/>\n<meta property=\"og:image\" content=\"https:\/\/bordeaux-canoe-kayak.fr\/wp-content\/uploads\/2024\/01\/img-1988-1024x768.jpg\" \/>\n<meta name=\"twitter:card\" content=\"summary_large_image\" \/>\n<meta name=\"twitter:label1\" content=\"Dur\u00e9e de lecture estim\u00e9e\" \/>\n\t<meta name=\"twitter:data1\" content=\"2 minutes\" \/>\n<script type=\"application\/ld+json\" class=\"yoast-schema-graph\">{\"@context\":\"https:\\\/\\\/schema.org\",\"@graph\":[{\"@type\":\"WebPage\",\"@id\":\"https:\\\/\\\/bordeaux-canoe-kayak.fr\\\/index.php\\\/course-en-ligne\\\/\",\"url\":\"https:\\\/\\\/bordeaux-canoe-kayak.fr\\\/index.php\\\/course-en-ligne\\\/\",\"name\":\"Course en ligne - Emulation Nautique Bordeaux - Cano\u00eb-Kayak\",\"isPartOf\":{\"@id\":\"https:\\\/\\\/bordeaux-canoe-kayak.fr\\\/#website\"},\"primaryImageOfPage\":{\"@id\":\"https:\\\/\\\/bordeaux-canoe-kayak.fr\\\/index.php\\\/course-en-ligne\\\/#primaryimage\"},\"image\":{\"@id\":\"https:\\\/\\\/bordeaux-canoe-kayak.fr\\\/index.php\\\/course-en-ligne\\\/#primaryimage\"},\"thumbnailUrl\":\"https:\\\/\\\/bordeaux-canoe-kayak.fr\\\/wp-content\\\/uploads\\\/2024\\\/01\\\/img-1988-1024x768.jpg\",\"datePublished\":\"2024-01-23T18:41:39+00:00\",\"dateModified\":\"2024-01-30T21:07:00+00:00\",\"breadcrumb\":{\"@id\":\"https:\\\/\\\/bordeaux-canoe-kayak.fr\\\/index.php\\\/course-en-ligne\\\/#breadcrumb\"},\"inLanguage\":\"fr-FR\",\"potentialAction\":[{\"@type\":\"ReadAction\",\"target\":[\"https:\\\/\\\/bordeaux-canoe-kayak.fr\\\/index.php\\\/course-en-ligne\\\/\"]}]},{\"@type\":\"ImageObject\",\"inLanguage\":\"fr-FR\",\"@id\":\"https:\\\/\\\/bordeaux-canoe-kayak.fr\\\/index.php\\\/course-en-ligne\\\/#primaryimage\",\"url\":\"https:\\\/\\\/bordeaux-canoe-kayak.fr\\\/wp-content\\\/uploads\\\/2024\\\/01\\\/img-1988.jpg\",\"contentUrl\":\"https:\\\/\\\/bordeaux-canoe-kayak.fr\\\/wp-content\\\/uploads\\\/2024\\\/01\\\/img-1988.jpg\",\"width\":1600,\"height\":1200},{\"@type\":\"BreadcrumbList\",\"@id\":\"https:\\\/\\\/bordeaux-canoe-kayak.fr\\\/index.php\\\/course-en-ligne\\\/#breadcrumb\",\"itemListElement\":[{\"@type\":\"ListItem\",\"position\":1,\"name\":\"Accueil\",\"item\":\"https:\\\/\\\/bordeaux-canoe-kayak.fr\\\/\"},{\"@type\":\"ListItem\",\"position\":2,\"name\":\"Course en ligne\"}]},{\"@type\":\"WebSite\",\"@id\":\"https:\\\/\\\/bordeaux-canoe-kayak.fr\\\/#website\",\"url\":\"https:\\\/\\\/bordeaux-canoe-kayak.fr\\\/\",\"name\":\"Emulation Nautique Bordeaux - Cano\u00eb-Kayak\",\"description\":\"\",\"publisher\":{\"@id\":\"https:\\\/\\\/bordeaux-canoe-kayak.fr\\\/#organization\"},\"alternateName\":\"Club Canoe Kayak de Bordeaux\",\"potentialAction\":[{\"@type\":\"SearchAction\",\"target\":{\"@type\":\"EntryPoint\",\"urlTemplate\":\"https:\\\/\\\/bordeaux-canoe-kayak.fr\\\/?s={search_term_string}\"},\"query-input\":{\"@type\":\"PropertyValueSpecification\",\"valueRequired\":true,\"valueName\":\"search_term_string\"}}],\"inLanguage\":\"fr-FR\"},{\"@type\":\"Organization\",\"@id\":\"https:\\\/\\\/bordeaux-canoe-kayak.fr\\\/#organization\",\"name\":\"Emulation Nautique Bordeaux - Cano\u00eb-Kayak\",\"url\":\"https:\\\/\\\/bordeaux-canoe-kayak.fr\\\/\",\"logo\":{\"@type\":\"ImageObject\",\"inLanguage\":\"fr-FR\",\"@id\":\"https:\\\/\\\/bordeaux-canoe-kayak.fr\\\/#\\\/schema\\\/logo\\\/image\\\/\",\"url\":\"https:\\\/\\\/bordeaux-canoe-kayak.fr\\\/wp-content\\\/uploads\\\/2024\\\/06\\\/cropped-logo-ENBCK_F_Bl.jpg\",\"contentUrl\":\"https:\\\/\\\/bordeaux-canoe-kayak.fr\\\/wp-content\\\/uploads\\\/2024\\\/06\\\/cropped-logo-ENBCK_F_Bl.jpg\",\"width\":1598,\"height\":533,\"caption\":\"Emulation Nautique Bordeaux - Cano\u00eb-Kayak\"},\"image\":{\"@id\":\"https:\\\/\\\/bordeaux-canoe-kayak.fr\\\/#\\\/schema\\\/logo\\\/image\\\/\"},\"sameAs\":[\"https:\\\/\\\/www.facebook.com\\\/ENBCK\",\"https:\\\/\\\/www.instagram.com\\\/enbcanoekayak\\\/\"]}]}<\/script>\n<!-- \/ Yoast SEO plugin. -->","yoast_head_json":{"title":"Course en ligne - Emulation Nautique Bordeaux - Cano\u00eb-Kayak","robots":{"index":"index","follow":"follow","max-snippet":"max-snippet:-1","max-image-preview":"max-image-preview:large","max-video-preview":"max-video-preview:-1"},"canonical":"https:\/\/bordeaux-canoe-kayak.fr\/index.php\/course-en-ligne\/","og_locale":"fr_FR","og_type":"article","og_title":"Course en ligne - Emulation Nautique Bordeaux - Cano\u00eb-Kayak","og_description":"La course en ligne en Cano\u00eb-Kayak se pratique sur un plan d&rsquo;eau calme, comme un lac, un bassin am\u00e9nag\u00e9, une retenue d&rsquo;un fleuve&#8230; A Bordeaux,, nous avons la chance d&rsquo;avoir un tr\u00e8s beau lac pour pratiquer. Les types diff\u00e9rents types de course : L&rsquo;\u00e9quipement : Les Cano\u00ebs et Kayaks de course en ligne sont profil\u00e9s [&hellip;]","og_url":"https:\/\/bordeaux-canoe-kayak.fr\/index.php\/course-en-ligne\/","og_site_name":"Emulation Nautique Bordeaux - Cano\u00eb-Kayak","article_publisher":"https:\/\/www.facebook.com\/ENBCK","article_modified_time":"2024-01-30T21:07:00+00:00","og_image":[{"url":"https:\/\/bordeaux-canoe-kayak.fr\/wp-content\/uploads\/2024\/01\/img-1988-1024x768.jpg","type":"","width":"","height":""}],"twitter_card":"summary_large_image","twitter_misc":{"Dur\u00e9e de lecture estim\u00e9e":"2 minutes"},"schema":{"@context":"https:\/\/schema.org","@graph":[{"@type":"WebPage","@id":"https:\/\/bordeaux-canoe-kayak.fr\/index.php\/course-en-ligne\/","url":"https:\/\/bordeaux-canoe-kayak.fr\/index.php\/course-en-ligne\/","name":"Course en ligne - Emulation Nautique Bordeaux - Cano\u00eb-Kayak","isPartOf":{"@id":"https:\/\/bordeaux-canoe-kayak.fr\/#website"},"primaryImageOfPage":{"@id":"https:\/\/bordeaux-canoe-kayak.fr\/index.php\/course-en-ligne\/#primaryimage"},"image":{"@id":"https:\/\/bordeaux-canoe-kayak.fr\/index.php\/course-en-ligne\/#primaryimage"},"thumbnailUrl":"https:\/\/bordeaux-canoe-kayak.fr\/wp-content\/uploads\/2024\/01\/img-1988-1024x768.jpg","datePublished":"2024-01-23T18:41:39+00:00","dateModified":"2024-01-30T21:07:00+00:00","breadcrumb":{"@id":"https:\/\/bordeaux-canoe-kayak.fr\/index.php\/course-en-ligne\/#breadcrumb"},"inLanguage":"fr-FR","potentialAction":[{"@type":"ReadAction","target":["https:\/\/bordeaux-canoe-kayak.fr\/index.php\/course-en-ligne\/"]}]},{"@type":"ImageObject","inLanguage":"fr-FR","@id":"https:\/\/bordeaux-canoe-kayak.fr\/index.php\/course-en-ligne\/#primaryimage","url":"https:\/\/bordeaux-canoe-kayak.fr\/wp-content\/uploads\/2024\/01\/img-1988.jpg","contentUrl":"https:\/\/bordeaux-canoe-kayak.fr\/wp-content\/uploads\/2024\/01\/img-1988.jpg","width":1600,"height":1200},{"@type":"BreadcrumbList","@id":"https:\/\/bordeaux-canoe-kayak.fr\/index.php\/course-en-ligne\/#breadcrumb","itemListElement":[{"@type":"ListItem","position":1,"name":"Accueil","item":"https:\/\/bordeaux-canoe-kayak.fr\/"},{"@type":"ListItem","position":2,"name":"Course en ligne"}]},{"@type":"WebSite","@id":"https:\/\/bordeaux-canoe-kayak.fr\/#website","url":"https:\/\/bordeaux-canoe-kayak.fr\/","name":"Emulation Nautique Bordeaux - Cano\u00eb-Kayak","description":"","publisher":{"@id":"https:\/\/bordeaux-canoe-kayak.fr\/#organization"},"alternateName":"Club Canoe Kayak de Bordeaux","potentialAction":[{"@type":"SearchAction","target":{"@type":"EntryPoint","urlTemplate":"https:\/\/bordeaux-canoe-kayak.fr\/?s={search_term_string}"},"query-input":{"@type":"PropertyValueSpecification","valueRequired":true,"valueName":"search_term_string"}}],"inLanguage":"fr-FR"},{"@type":"Organization","@id":"https:\/\/bordeaux-canoe-kayak.fr\/#organization","name":"Emulation Nautique Bordeaux - Cano\u00eb-Kayak","url":"https:\/\/bordeaux-canoe-kayak.fr\/","logo":{"@type":"ImageObject","inLanguage":"fr-FR","@id":"https:\/\/bordeaux-canoe-kayak.fr\/#\/schema\/logo\/image\/","url":"https:\/\/bordeaux-canoe-kayak.fr\/wp-content\/uploads\/2024\/06\/cropped-logo-ENBCK_F_Bl.jpg","contentUrl":"https:\/\/bordeaux-canoe-kayak.fr\/wp-content\/uploads\/2024\/06\/cropped-logo-ENBCK_F_Bl.jpg","width":1598,"height":533,"caption":"Emulation Nautique Bordeaux - Cano\u00eb-Kayak"},"image":{"@id":"https:\/\/bordeaux-canoe-kayak.fr\/#\/schema\/logo\/image\/"},"sameAs":["https:\/\/www.facebook.com\/ENBCK","https:\/\/www.instagram.com\/enbcanoekayak\/"]}]}},"_links":{"self":[{"href":"https:\/\/bordeaux-canoe-kayak.fr\/index.php\/wp-json\/wp\/v2\/pages\/12","targetHints":{"allow":["GET"]}}],"collection":[{"href":"https:\/\/bordeaux-canoe-kayak.fr\/index.php\/wp-json\/wp\/v2\/pages"}],"about":[{"href":"https:\/\/bordeaux-canoe-kayak.fr\/index.php\/wp-json\/wp\/v2\/types\/page"}],"author":[{"embeddable":true,"href":"https:\/\/bordeaux-canoe-kayak.fr\/index.php\/wp-json\/wp\/v2\/users\/1"}],"replies":[{"embeddable":true,"href":"https:\/\/bordeaux-canoe-kayak.fr\/index.php\/wp-json\/wp\/v2\/comments?post=12"}],"version-history":[{"count":6,"href":"https:\/\/bordeaux-canoe-kayak.fr\/index.php\/wp-json\/wp\/v2\/pages\/12\/revisions"}],"predecessor-version":[{"id":131,"href":"https:\/\/bordeaux-canoe-kayak.fr\/index.php\/wp-json\/wp\/v2\/pages\/12\/revisions\/131"}],"wp:attachment":[{"href":"https:\/\/bordeaux-canoe-kayak.fr\/index.php\/wp-json\/wp\/v2\/media?parent=12"}],"curies":[{"name":"wp","href":"https:\/\/api.w.org\/{rel}","templated":true}]}}